{"id":859,"date":"2025-02-20T14:15:43","date_gmt":"2025-02-20T13:15:43","guid":{"rendered":"https:\/\/mergelrijk.nl\/?page_id=859"},"modified":"2025-09-11T11:55:49","modified_gmt":"2025-09-11T09:55:49","slug":"marn-isleme","status":"publish","type":"page","link":"https:\/\/mergelrijk.nl\/tr\/mergel-bewerken\/","title":{"rendered":"\u00c7al\u0131\u015fan marn"},"content":{"rendered":"<div data-elementor-type=\"wp-page\" data-elementor-id=\"859\" class=\"elementor elementor-859\" data-elementor-post-type=\"page\">\n\t\t\t\t<div class=\"elementor-element elementor-element-3fdc0dcd e-flex e-con-boxed e-con e-parent\" data-id=\"3fdc0dcd\" data-element_type=\"container\" data-e-type=\"container\" data-settings=\"{&quot;background_background&quot;:&quot;classic&quot;,&quot;jet_parallax_layout_list&quot;:[]}\">\n\t\t\t\t\t<div class=\"e-con-inner\">\n\t\t<div class=\"elementor-element elementor-element-633334b9 e-con-full e-flex e-con e-child\" data-id=\"633334b9\" data-element_type=\"container\" data-e-type=\"container\" data-settings=\"{&quot;jet_parallax_layout_list&quot;:[]}\">\n\t\t\t\t<div class=\"elementor-element elementor-element-15c4d0d2 elementor-invisible elementor-widget elementor-widget-heading\" data-id=\"15c4d0d2\" data-element_type=\"widget\" data-e-type=\"widget\" data-settings=\"{&quot;_animation&quot;:&quot;fadeInUp&quot;}\" data-widget_type=\"heading.default\">\n\t\t\t\t<div class=\"elementor-widget-container\">\n\t\t\t\t\t<h1 class=\"elementor-heading-title elementor-size-default\">\u00c7al\u0131\u015fan marn<\/h1>\t\t\t\t<\/div>\n\t\t\t\t<\/div>\n\t\t\t\t<div class=\"elementor-element elementor-element-59706752 animated-slow elementor-invisible elementor-widget elementor-widget-heading\" data-id=\"59706752\" data-element_type=\"widget\" data-e-type=\"widget\" data-settings=\"{&quot;_animation&quot;:&quot;fadeInUp&quot;,&quot;_animation_delay&quot;:200}\" data-widget_type=\"heading.default\">\n\t\t\t\t<div class=\"elementor-widget-container\">\n\t\t\t\t\t<h4 class=\"elementor-heading-title elementor-size-default\">Her ikisi i\u00e7in de marn ma\u011faralar\u0131nda e\u011flenceli bir gezi\n\u00e7ocuklar ve yeti\u015fkinler<\/h4>\t\t\t\t<\/div>\n\t\t\t\t<\/div>\n\t\t\t\t<\/div>\n\t\t\t\t\t<\/div>\n\t\t\t\t<\/div>\n\t\t<div class=\"elementor-element elementor-element-6e8dc5e6 e-flex e-con-boxed e-con e-parent\" data-id=\"6e8dc5e6\" data-element_type=\"container\" data-e-type=\"container\" data-settings=\"{&quot;jet_parallax_layout_list&quot;:[]}\">\n\t\t\t\t\t<div class=\"e-con-inner\">\n\t\t<div class=\"elementor-element elementor-element-3ff14f00 e-con-full e-flex e-con e-child\" data-id=\"3ff14f00\" data-element_type=\"container\" data-e-type=\"container\" data-settings=\"{&quot;animation&quot;:&quot;none&quot;,&quot;jet_parallax_layout_list&quot;:[]}\">\n\t\t<div class=\"elementor-element elementor-element-8748eb8 e-con-full e-flex e-con e-child\" data-id=\"8748eb8\" data-element_type=\"container\" data-e-type=\"container\" data-settings=\"{&quot;background_background&quot;:&quot;classic&quot;,&quot;animation&quot;:&quot;none&quot;,&quot;jet_parallax_layout_list&quot;:[]}\">\n\t\t\t\t<div class=\"elementor-element elementor-element-5f276d2 elementor-widget elementor-widget-menu-anchor\" data-id=\"5f276d2\" data-element_type=\"widget\" data-e-type=\"widget\" data-widget_type=\"menu-anchor.default\">\n\t\t\t\t<div class=\"elementor-widget-container\">\n\t\t\t\t\t\t\t<div class=\"elementor-menu-anchor\" id=\"grotbezoek\"><\/div>\n\t\t\t\t\t\t<\/div>\n\t\t\t\t<\/div>\n\t\t\t\t<div class=\"elementor-element elementor-element-d485ba8 elementor-widget elementor-widget-image\" data-id=\"d485ba8\" data-element_type=\"widget\" data-e-type=\"widget\" data-settings=\"{&quot;_animation&quot;:&quot;none&quot;}\" data-widget_type=\"image.default\">\n\t\t\t\t<div class=\"elementor-widget-container\">\n\t\t\t\t\t\t\t\t\t\t\t\t\t\t\t<img fetchpriority=\"high\" decoding=\"async\" width=\"1200\" height=\"800\" src=\"https:\/\/mergelrijk.nl\/wp-content\/uploads\/2025\/02\/xGrottenatelier.jpg\" class=\"attachment-full size-full wp-image-863\" alt=\"Marn ma\u011faralar\u0131 Limburg | MergelRijk Valkenburg\" srcset=\"https:\/\/mergelrijk.nl\/wp-content\/uploads\/2025\/02\/xGrottenatelier.jpg 1200w, https:\/\/mergelrijk.nl\/wp-content\/uploads\/2025\/02\/xGrottenatelier-300x200.jpg 300w, https:\/\/mergelrijk.nl\/wp-content\/uploads\/2025\/02\/xGrottenatelier-1024x683.jpg 1024w, https:\/\/mergelrijk.nl\/wp-content\/uploads\/2025\/02\/xGrottenatelier-768x512.jpg 768w, https:\/\/mergelrijk.nl\/wp-content\/uploads\/2025\/02\/xGrottenatelier-18x12.jpg 18w\" sizes=\"(max-width: 1200px) 100vw, 1200px\" title=\"\">\t\t\t\t\t\t\t\t\t\t\t\t\t\t\t<\/div>\n\t\t\t\t<\/div>\n\t\t\t\t<\/div>\n\t\t\t\t<\/div>\n\t\t<div class=\"elementor-element elementor-element-3ae9d4da e-con-full e-flex e-con e-child\" data-id=\"3ae9d4da\" data-element_type=\"container\" data-e-type=\"container\" data-settings=\"{&quot;animation&quot;:&quot;none&quot;,&quot;jet_parallax_layout_list&quot;:[]}\">\n\t\t\t\t<div class=\"elementor-element elementor-element-51d16082 elementor-widget elementor-widget-heading\" data-id=\"51d16082\" data-element_type=\"widget\" data-e-type=\"widget\" data-widget_type=\"heading.default\">\n\t\t\t\t<div class=\"elementor-widget-container\">\n\t\t\t\t\t<h2 class=\"elementor-heading-title elementor-size-default\">\u00c7al\u0131\u015fan marn<\/h2>\t\t\t\t<\/div>\n\t\t\t\t<\/div>\n\t\t\t\t<div class=\"elementor-element elementor-element-e618b2e elementor-widget elementor-widget-text-editor\" data-id=\"e618b2e\" data-element_type=\"widget\" data-e-type=\"widget\" data-widget_type=\"text-editor.default\">\n\t\t\t\t<div class=\"elementor-widget-container\">\n\t\t\t\t\t\t\t\t\t<p>MergelRijk'i ziyaret ederken yap\u0131lacak en e\u011flenceli \u015feylerden biri de gidip bir blok marndan kendi hediyelik e\u015fyan\u0131z\u0131 yapmakt\u0131r. Marn ile \u00e7al\u0131\u015fmak, heykel ya da sanat eseri yapmakla ilgilenmiyor olsan\u0131z bile son derece e\u011flenceli ve yarat\u0131c\u0131 bir deneyimdir. Bunun nedeni, marn\u0131n oyulmas\u0131 nispeten kolay olan \u00e7ok yumu\u015fak bir kire\u00e7 ta\u015f\u0131 olmas\u0131 ve bu aktiviteyi herkes i\u00e7in uygun hale getirmesidir. Hatta sizin i\u00e7in bile!<\/p><p>T\u00fcm ziyaret\u00e7iler bu yumu\u015fak kayay\u0131 kendileri i\u015fleyerek k\u00fc\u00e7\u00fck bir heykel ya da fig\u00fcr gibi kendi sanat eserlerini yaratma \u015fans\u0131na sahiptir. Marn blo\u011funa sadece ad\u0131n\u0131z\u0131, ba\u015f harfinizi, harfinizi veya numaran\u0131z\u0131 kaz\u0131san\u0131z bile, Limburg ma\u011faralar\u0131ndan g\u00fczel bir hat\u0131raya sahip olacaks\u0131n\u0131z!<\/p><p>Kendi yarat\u0131c\u0131l\u0131\u011f\u0131n\u0131z\u0131 serbest b\u0131rak\u0131rken malzeme hakk\u0131nda daha fazla bilgi edinmenin e\u011flenceli ve e\u011fitici bir yoludur. Kesinlikle denemeye de\u011fer!<\/p>\t\t\t\t\t\t\t\t<\/div>\n\t\t\t\t<\/div>\n\t\t\t\t<\/div>\n\t\t\t\t\t<\/div>\n\t\t\t\t<\/div>\n\t\t<div class=\"elementor-element elementor-element-3f4e5000 e-flex e-con-boxed e-con e-parent\" data-id=\"3f4e5000\" data-element_type=\"container\" data-e-type=\"container\" data-settings=\"{&quot;background_background&quot;:&quot;classic&quot;,&quot;jet_parallax_layout_list&quot;:[]}\">\n\t\t\t\t\t<div class=\"e-con-inner\">\n\t\t<div class=\"elementor-element elementor-element-efc9c0d e-con-full e-flex e-con e-child\" data-id=\"efc9c0d\" data-element_type=\"container\" data-e-type=\"container\" data-settings=\"{&quot;animation&quot;:&quot;none&quot;,&quot;jet_parallax_layout_list&quot;:[]}\">\n\t\t<div class=\"elementor-element elementor-element-0daa105 e-con-full e-flex e-con e-child\" data-id=\"0daa105\" data-element_type=\"container\" data-e-type=\"container\" data-settings=\"{&quot;background_background&quot;:&quot;classic&quot;,&quot;animation&quot;:&quot;none&quot;,&quot;jet_parallax_layout_list&quot;:[]}\">\n\t\t\t\t<div class=\"elementor-element elementor-element-e661adc elementor-widget elementor-widget-menu-anchor\" data-id=\"e661adc\" data-element_type=\"widget\" data-e-type=\"widget\" data-widget_type=\"menu-anchor.default\">\n\t\t\t\t<div class=\"elementor-widget-container\">\n\t\t\t\t\t\t\t<div class=\"elementor-menu-anchor\" id=\"mergelbewerken\"><\/div>\n\t\t\t\t\t\t<\/div>\n\t\t\t\t<\/div>\n\t\t\t\t<div class=\"elementor-element elementor-element-7b4a2b3 elementor-widget elementor-widget-image\" data-id=\"7b4a2b3\" data-element_type=\"widget\" data-e-type=\"widget\" data-widget_type=\"image.default\">\n\t\t\t\t<div class=\"elementor-widget-container\">\n\t\t\t\t\t\t\t\t\t\t\t\t\t\t\t<img decoding=\"async\" width=\"1200\" height=\"800\" src=\"https:\/\/mergelrijk.nl\/wp-content\/uploads\/2025\/02\/xGrottenatelier-materialen.jpg\" class=\"attachment-full size-full wp-image-864\" alt=\"Marn ma\u011faralar\u0131 Limburg | MergelRijk Valkenburg\" srcset=\"https:\/\/mergelrijk.nl\/wp-content\/uploads\/2025\/02\/xGrottenatelier-materialen.jpg 1200w, https:\/\/mergelrijk.nl\/wp-content\/uploads\/2025\/02\/xGrottenatelier-materialen-300x200.jpg 300w, https:\/\/mergelrijk.nl\/wp-content\/uploads\/2025\/02\/xGrottenatelier-materialen-1024x683.jpg 1024w, https:\/\/mergelrijk.nl\/wp-content\/uploads\/2025\/02\/xGrottenatelier-materialen-768x512.jpg 768w, https:\/\/mergelrijk.nl\/wp-content\/uploads\/2025\/02\/xGrottenatelier-materialen-18x12.jpg 18w\" sizes=\"(max-width: 1200px) 100vw, 1200px\" title=\"\">\t\t\t\t\t\t\t\t\t\t\t\t\t\t\t<\/div>\n\t\t\t\t<\/div>\n\t\t\t\t<\/div>\n\t\t\t\t<\/div>\n\t\t<div class=\"elementor-element elementor-element-54b420b e-con-full e-flex e-con e-child\" data-id=\"54b420b\" data-element_type=\"container\" data-e-type=\"container\" data-settings=\"{&quot;animation&quot;:&quot;none&quot;,&quot;jet_parallax_layout_list&quot;:[]}\">\n\t\t\t\t<div class=\"elementor-element elementor-element-675fdef elementor-widget elementor-widget-heading\" data-id=\"675fdef\" data-element_type=\"widget\" data-e-type=\"widget\" data-widget_type=\"heading.default\">\n\t\t\t\t<div class=\"elementor-widget-container\">\n\t\t\t\t\t<h2 class=\"elementor-heading-title elementor-size-default\">Ma\u011fara at\u00f6lyesi<\/h2>\t\t\t\t<\/div>\n\t\t\t\t<\/div>\n\t\t\t\t<div class=\"elementor-element elementor-element-3ecb801 elementor-widget elementor-widget-text-editor\" data-id=\"3ecb801\" data-element_type=\"widget\" data-e-type=\"widget\" data-widget_type=\"text-editor.default\">\n\t\t\t\t<div class=\"elementor-widget-container\">\n\t\t\t\t\t\t\t\t\t<p>Marn \u00e7al\u0131\u015fmas\u0131n\u0131, ma\u011fara ziyaretiniz s\u0131ras\u0131nda kar\u015f\u0131la\u015faca\u011f\u0131n\u0131z, ma\u011fara i\u00e7inde \u00f6zel olarak donat\u0131lm\u0131\u015f bir at\u00f6lye alan\u0131 olan Ma\u011fara At\u00f6lyesi'nde yapacaks\u0131n\u0131z. Bir e\u011fitim videosu izledikten sonra kendi malzemelerinizi ve bir blok marn al\u0131p \u00e7al\u0131\u015fmaya ba\u015flayabilirsiniz.<br \/>Dikkatli olun, \u00e7\u00fcnk\u00fc marn blo\u011fu o kadar yumu\u015fakt\u0131r ki vurdu\u011funuzda kolayca k\u0131r\u0131l\u0131r. Ancak \u00fczerinde bir \u015feyler t\u00f6rp\u00fclemekten, \u00e7izmekten ve \u00fczerine bir \u015feyler \u00e7izmekten \u00e7ekinmeyin. E\u011flenceli bir \u015feye d\u00f6n\u00fc\u015ft\u00fcrmek i\u00e7in yeterince olas\u0131l\u0131k var.<br \/>Ve en iyi k\u0131sm\u0131: eve g\u00f6t\u00fcrebilirsiniz!<br \/><br \/>Hediyelik e\u015fyan\u0131z\u0131 yapt\u0131ktan sonra size bir ipucu: eve d\u00f6nd\u00fc\u011f\u00fcn\u00fczde hediyelik e\u015fyan\u0131za bir kat vernik ya da sa\u00e7 spreyi s\u0131kabilirsiniz. B\u00f6ylece daha iyi korunacak ve daha fazla toz olmayacakt\u0131r.<br \/><br \/>Bu arada, marn \u00e7al\u0131\u015fmas\u0131 i\u00e7in ayr\u0131ca rezervasyon yapt\u0131rman\u0131za gerek yoktur. Bu, ma\u011fara ziyaretiniz boyunca m\u00fcmk\u00fcnd\u00fcr ve tamamen \u00fccretsizdir!<\/p>\t\t\t\t\t\t\t\t<\/div>\n\t\t\t\t<\/div>\n\t\t\t\t<\/div>\n\t\t\t\t\t<\/div>\n\t\t\t\t<\/div>\n\t\t\t\t<\/div>","protected":false},"excerpt":{"rendered":"<p>Leuk uitje in de mergelgrotten voor zowel kinderen als volwassenen Mergel bewerken E\u00e9n van de leukste dingen om te doen tijdens ieder bezoek aan MergelRijk, is zelf je souvenir gaan maken van een blokje mergel. Het mergel bewerken is een superleuke en creatieve ervaring, zelfs als je misschien niet ge\u00efnteresseerd bent in beeldhouwen of het [&hellip;]<\/p>\n","protected":false},"author":1,"featured_media":0,"parent":0,"menu_order":0,"comment_status":"closed","ping_status":"closed","template":"elementor_header_footer","meta":{"footnotes":""},"class_list":["post-859","page","type-page","status-publish","hentry"],"_links":{"self":[{"href":"https:\/\/mergelrijk.nl\/tr\/wp-json\/wp\/v2\/pages\/859","targetHints":{"allow":["GET"]}}],"collection":[{"href":"https:\/\/mergelrijk.nl\/tr\/wp-json\/wp\/v2\/pages"}],"about":[{"href":"https:\/\/mergelrijk.nl\/tr\/wp-json\/wp\/v2\/types\/page"}],"author":[{"embeddable":true,"href":"https:\/\/mergelrijk.nl\/tr\/wp-json\/wp\/v2\/users\/1"}],"replies":[{"embeddable":true,"href":"https:\/\/mergelrijk.nl\/tr\/wp-json\/wp\/v2\/comments?post=859"}],"version-history":[{"count":13,"href":"https:\/\/mergelrijk.nl\/tr\/wp-json\/wp\/v2\/pages\/859\/revisions"}],"predecessor-version":[{"id":1115,"href":"https:\/\/mergelrijk.nl\/tr\/wp-json\/wp\/v2\/pages\/859\/revisions\/1115"}],"wp:attachment":[{"href":"https:\/\/mergelrijk.nl\/tr\/wp-json\/wp\/v2\/media?parent=859"}],"curies":[{"name":"wp","href":"https:\/\/api.w.org\/{rel}","templated":true}]}}