{"id":411,"date":"2025-02-04T09:36:16","date_gmt":"2025-02-04T08:36:16","guid":{"rendered":"https:\/\/mergelrijk.043test.nl\/?page_id=411"},"modified":"2025-04-10T14:14:58","modified_gmt":"2025-04-10T12:14:58","slug":"hakkimizda","status":"publish","type":"page","link":"https:\/\/mergelrijk.nl\/tr\/over-ons\/","title":{"rendered":"Hakk\u0131m\u0131zda"},"content":{"rendered":"<div data-elementor-type=\"wp-page\" data-elementor-id=\"411\" class=\"elementor elementor-411\" data-elementor-post-type=\"page\">\n\t\t\t\t<div class=\"elementor-element elementor-element-3fdc0dcd e-flex e-con-boxed e-con e-parent\" data-id=\"3fdc0dcd\" data-element_type=\"container\" data-e-type=\"container\" data-settings=\"{&quot;background_background&quot;:&quot;classic&quot;,&quot;jet_parallax_layout_list&quot;:[]}\">\n\t\t\t\t\t<div class=\"e-con-inner\">\n\t\t<div class=\"elementor-element elementor-element-633334b9 e-con-full e-flex e-con e-child\" data-id=\"633334b9\" data-element_type=\"container\" data-e-type=\"container\" data-settings=\"{&quot;jet_parallax_layout_list&quot;:[]}\">\n\t\t\t\t<div class=\"elementor-element elementor-element-15c4d0d2 elementor-invisible elementor-widget elementor-widget-heading\" data-id=\"15c4d0d2\" data-element_type=\"widget\" data-e-type=\"widget\" data-settings=\"{&quot;_animation&quot;:&quot;fadeInUp&quot;}\" data-widget_type=\"heading.default\">\n\t\t\t\t<div class=\"elementor-widget-container\">\n\t\t\t\t\t<h1 class=\"elementor-heading-title elementor-size-default\">Hakk\u0131m\u0131zda<\/h1>\t\t\t\t<\/div>\n\t\t\t\t<\/div>\n\t\t\t\t<div class=\"elementor-element elementor-element-59706752 animated-slow elementor-invisible elementor-widget elementor-widget-heading\" data-id=\"59706752\" data-element_type=\"widget\" data-e-type=\"widget\" data-settings=\"{&quot;_animation&quot;:&quot;fadeInUp&quot;,&quot;_animation_delay&quot;:200}\" data-widget_type=\"heading.default\">\n\t\t\t\t<div class=\"elementor-widget-container\">\n\t\t\t\t\t<h4 class=\"elementor-heading-title elementor-size-default\">MergelRijk'in yarat\u0131c\u0131lar\u0131 hikayelerini, bilgilerini ve b\u00f6lgeye olan sevgilerini yenilik\u00e7i ve eri\u015filebilir bir \u015fekilde payla\u015fmak istediler.<\/h4>\t\t\t\t<\/div>\n\t\t\t\t<\/div>\n\t\t\t\t<\/div>\n\t\t\t\t\t<\/div>\n\t\t\t\t<\/div>\n\t\t<div class=\"elementor-element elementor-element-6e8dc5e6 e-flex e-con-boxed e-con e-parent\" data-id=\"6e8dc5e6\" data-element_type=\"container\" data-e-type=\"container\" data-settings=\"{&quot;jet_parallax_layout_list&quot;:[]}\">\n\t\t\t\t\t<div class=\"e-con-inner\">\n\t\t<div class=\"elementor-element elementor-element-3ae9d4da e-con-full e-flex elementor-invisible e-con e-child\" data-id=\"3ae9d4da\" data-element_type=\"container\" data-e-type=\"container\" data-settings=\"{&quot;animation&quot;:&quot;fadeInLeft&quot;,&quot;jet_parallax_layout_list&quot;:[]}\">\n\t\t\t\t<div class=\"elementor-element elementor-element-51d16082 elementor-widget elementor-widget-heading\" data-id=\"51d16082\" data-element_type=\"widget\" data-e-type=\"widget\" data-widget_type=\"heading.default\">\n\t\t\t\t<div class=\"elementor-widget-container\">\n\t\t\t\t\t<h2 class=\"elementor-heading-title elementor-size-default\">MergelRijk<\/h2>\t\t\t\t<\/div>\n\t\t\t\t<\/div>\n\t\t\t\t<div class=\"elementor-element elementor-element-e618b2e elementor-widget elementor-widget-text-editor\" data-id=\"e618b2e\" data-element_type=\"widget\" data-e-type=\"widget\" data-widget_type=\"text-editor.default\">\n\t\t\t\t<div class=\"elementor-widget-container\">\n\t\t\t\t\t\t\t\t\t<p>MergelRijk, 21. y\u00fczy\u0131l\u0131n ilk y\u0131llar\u0131nda Peter Meurders ve Aschwin Gulikers taraf\u0131ndan tasarlanm\u0131\u015f ve hayata ge\u00e7irilmi\u015ftir. Nihayet 2014 y\u0131l\u0131nda as\u0131rl\u0131k bir marn ma\u011faras\u0131nda, Limburg'un ma\u011faralar\u0131n\u0131n jeolojisi ve tarihi ile marn kullan\u0131m\u0131na ili\u015fkin t\u00fcm hikayeleri ger\u00e7ekten anlatmaya vurgu yaparak hem e\u011fitim hem de e\u011flence ama\u00e7l\u0131 bir cazibe merkezi olarak a\u00e7\u0131ld\u0131. Buradaki fikir, uzun y\u0131llard\u0131r marn \u00e7\u0131karmak i\u00e7in kullan\u0131lmayan eski ta\u015f ocaklar\u0131na yeni bir i\u015flev kazand\u0131rmak ve bunlar\u0131 halk\u0131n eri\u015fimine a\u00e7makt\u0131. Mergelrijk'in olu\u015fturulmas\u0131, ta\u015f ocaklar\u0131n\u0131n b\u00fcy\u00fcleyici tarihinin modern, interaktif sergiler ve 3D resimler ve marnla kendi ba\u015f\u0131n\u0131za \u00e7al\u0131\u015fma f\u0131rsat\u0131 gibi deneyimlerle birle\u015ftirilmesine olanak sa\u011flad\u0131.<\/p>\n<p>MergelRijk'in yarat\u0131c\u0131lar\u0131 hikayelerini, bilgilerini ve b\u00f6lgeye olan sevgilerini yenilik\u00e7i ve eri\u015filebilir bir \u015fekilde payla\u015fmak istediler. Di\u011fer ma\u011faralarda halihaz\u0131rda yap\u0131landan farkl\u0131 olarak. O zamana kadar herkes ma\u011faralar\u0131 ziyaret ederken rehberli bir tura kat\u0131lmak zorundayd\u0131. MergelRijk'te ise herkes ma\u011fara boyunca kendi h\u0131z\u0131na g\u00f6re bir rota izleyebiliyor ve yol boyunca en g\u00fczel hikayeleri her t\u00fcrl\u00fc yolla anlat\u0131p tasvir edebiliyor. \u00d6rne\u011fin, \u00f6zel olarak yap\u0131lm\u0131\u015f ger\u00e7ek boyutlu kum heykeller ve marn heykeller gibi. MergelRijk y\u0131llar i\u00e7inde bir DinoRijk, muhte\u015fem bir karanl\u0131k ta\u015f oca\u011f\u0131, TV'de \u00fcnl\u00fc Kum Sihirbaz\u0131 ile bir i\u015fbirli\u011fi, bir film odas\u0131, Mosaquarium (ger\u00e7ek\u00e7i Mosasaurus ile) ve \u015fa\u015f\u0131rt\u0131c\u0131 3D ma\u011fara resimlerinin bulundu\u011fu bir yeralt\u0131 odas\u0131n\u0131 i\u00e7erecek \u015fekilde geni\u015flemi\u015ftir.<br>MergelRijk art\u0131k her y\u0131l her ya\u015ftan ve d\u00fcnyan\u0131n her k\u00f6\u015fesinden on binlerce ziyaret\u00e7i taraf\u0131ndan ziyaret edilmektedir. Her y\u0131l Kas\u0131m ay\u0131nda, MergelRijk'te Noel'in en g\u00fczel cazibe merkezlerinden biri oldu\u011fu b\u00fcy\u00fck Valkenburg'da Noel etkinli\u011fi i\u00e7in MergelRijk tamamen bir Noel atmosferine d\u00f6n\u00fc\u015ft\u00fcr\u00fcl\u00fcr.<\/p>\n<p><strong>MergelRijk, 2024 y\u0131l\u0131nda ANWB taraf\u0131ndan Limburg'un en g\u00fczel ma\u011faras\u0131 se\u00e7ilmi\u015ftir.<\/strong><\/p>\t\t\t\t\t\t\t\t<\/div>\n\t\t\t\t<\/div>\n\t\t\t\t<\/div>\n\t\t<div class=\"elementor-element elementor-element-f93ec19 e-con-full e-flex elementor-invisible e-con e-child\" data-id=\"f93ec19\" data-element_type=\"container\" data-e-type=\"container\" data-settings=\"{&quot;animation&quot;:&quot;fadeInLeft&quot;,&quot;jet_parallax_layout_list&quot;:[]}\">\n\t\t<div class=\"elementor-element elementor-element-f34f98d e-con-full e-flex elementor-invisible e-con e-child\" data-id=\"f34f98d\" data-element_type=\"container\" data-e-type=\"container\" data-settings=\"{&quot;background_background&quot;:&quot;classic&quot;,&quot;animation&quot;:&quot;fadeInLeft&quot;,&quot;jet_parallax_layout_list&quot;:[]}\">\n\t\t\t\t<div class=\"elementor-element elementor-element-bd5b3b8 elementor-widget elementor-widget-video\" data-id=\"bd5b3b8\" data-element_type=\"widget\" data-e-type=\"widget\" data-settings=\"{&quot;youtube_url&quot;:&quot;https:\\\/\\\/www.youtube.com\\\/watch?v=DBzrTUV7Ij8&quot;,&quot;video_type&quot;:&quot;youtube&quot;,&quot;controls&quot;:&quot;yes&quot;}\" data-widget_type=\"video.default\">\n\t\t\t\t<div class=\"elementor-widget-container\">\n\t\t\t\t\t\t\t<div class=\"elementor-wrapper elementor-open-inline\">\n\t\t\t<div class=\"elementor-video\"><\/div>\t\t<\/div>\n\t\t\t\t\t\t<\/div>\n\t\t\t\t<\/div>\n\t\t\t\t<\/div>\n\t\t<div class=\"elementor-element elementor-element-ff25ef8 e-con-full e-flex elementor-invisible e-con e-child\" data-id=\"ff25ef8\" data-element_type=\"container\" data-e-type=\"container\" data-settings=\"{&quot;background_background&quot;:&quot;classic&quot;,&quot;animation&quot;:&quot;fadeInLeft&quot;,&quot;jet_parallax_layout_list&quot;:[]}\">\n\t\t\t\t<div class=\"elementor-element elementor-element-7cf9100 elementor-widget elementor-widget-video\" data-id=\"7cf9100\" data-element_type=\"widget\" data-e-type=\"widget\" data-settings=\"{&quot;youtube_url&quot;:&quot;https:\\\/\\\/www.youtube.com\\\/watch?v=5U4oqg8pZ_M&amp;t=2s&quot;,&quot;video_type&quot;:&quot;youtube&quot;,&quot;controls&quot;:&quot;yes&quot;}\" data-widget_type=\"video.default\">\n\t\t\t\t<div class=\"elementor-widget-container\">\n\t\t\t\t\t\t\t<div class=\"elementor-wrapper elementor-open-inline\">\n\t\t\t<div class=\"elementor-video\"><\/div>\t\t<\/div>\n\t\t\t\t\t\t<\/div>\n\t\t\t\t<\/div>\n\t\t\t\t<\/div>\n\t\t\t\t<\/div>\n\t\t\t\t\t<\/div>\n\t\t\t\t<\/div>\n\t\t\t\t<\/div>","protected":false},"excerpt":{"rendered":"<p>De bedenkers van MergelRijk wilden hun verhalen, kennis en liefde voor de regio op een vernieuwende, toegankelijke manier delen. MergelRijk MergelRijk werd in de beginjaren van de 21e eeuw bedacht en gerealiseerd door Peter Meurders en Aschwin Gulikers. Het werd uiteindelijk in 2014 geopend in een eeuwenoude mergelgrot, als een attractie voor zowel educatie als [&hellip;]<\/p>\n","protected":false},"author":1,"featured_media":0,"parent":0,"menu_order":0,"comment_status":"closed","ping_status":"closed","template":"elementor_header_footer","meta":{"footnotes":""},"class_list":["post-411","page","type-page","status-publish","hentry"],"_links":{"self":[{"href":"https:\/\/mergelrijk.nl\/tr\/wp-json\/wp\/v2\/pages\/411","targetHints":{"allow":["GET"]}}],"collection":[{"href":"https:\/\/mergelrijk.nl\/tr\/wp-json\/wp\/v2\/pages"}],"about":[{"href":"https:\/\/mergelrijk.nl\/tr\/wp-json\/wp\/v2\/types\/page"}],"author":[{"embeddable":true,"href":"https:\/\/mergelrijk.nl\/tr\/wp-json\/wp\/v2\/users\/1"}],"replies":[{"embeddable":true,"href":"https:\/\/mergelrijk.nl\/tr\/wp-json\/wp\/v2\/comments?post=411"}],"version-history":[{"count":26,"href":"https:\/\/mergelrijk.nl\/tr\/wp-json\/wp\/v2\/pages\/411\/revisions"}],"predecessor-version":[{"id":949,"href":"https:\/\/mergelrijk.nl\/tr\/wp-json\/wp\/v2\/pages\/411\/revisions\/949"}],"wp:attachment":[{"href":"https:\/\/mergelrijk.nl\/tr\/wp-json\/wp\/v2\/media?parent=411"}],"curies":[{"name":"wp","href":"https:\/\/api.w.org\/{rel}","templated":true}]}}