{"id":859,"date":"2025-02-20T14:15:43","date_gmt":"2025-02-20T13:15:43","guid":{"rendered":"https:\/\/mergelrijk.nl\/?page_id=859"},"modified":"2025-09-11T11:55:49","modified_gmt":"2025-09-11T09:55:49","slug":"przetwarzanie-margla","status":"publish","type":"page","link":"https:\/\/mergelrijk.nl\/pl\/mergel-bewerken\/","title":{"rendered":"Roboczy margiel"},"content":{"rendered":"<div data-elementor-type=\"wp-page\" data-elementor-id=\"859\" class=\"elementor elementor-859\" data-elementor-post-type=\"page\">\n\t\t\t\t<div class=\"elementor-element elementor-element-3fdc0dcd e-flex e-con-boxed e-con e-parent\" data-id=\"3fdc0dcd\" data-element_type=\"container\" data-e-type=\"container\" data-settings=\"{&quot;background_background&quot;:&quot;classic&quot;,&quot;jet_parallax_layout_list&quot;:[]}\">\n\t\t\t\t\t<div class=\"e-con-inner\">\n\t\t<div class=\"elementor-element elementor-element-633334b9 e-con-full e-flex e-con e-child\" data-id=\"633334b9\" data-element_type=\"container\" data-e-type=\"container\" data-settings=\"{&quot;jet_parallax_layout_list&quot;:[]}\">\n\t\t\t\t<div class=\"elementor-element elementor-element-15c4d0d2 elementor-invisible elementor-widget elementor-widget-heading\" data-id=\"15c4d0d2\" data-element_type=\"widget\" data-e-type=\"widget\" data-settings=\"{&quot;_animation&quot;:&quot;fadeInUp&quot;}\" data-widget_type=\"heading.default\">\n\t\t\t\t<div class=\"elementor-widget-container\">\n\t\t\t\t\t<h1 class=\"elementor-heading-title elementor-size-default\">Roboczy margiel<\/h1>\t\t\t\t<\/div>\n\t\t\t\t<\/div>\n\t\t\t\t<div class=\"elementor-element elementor-element-59706752 animated-slow elementor-invisible elementor-widget elementor-widget-heading\" data-id=\"59706752\" data-element_type=\"widget\" data-e-type=\"widget\" data-settings=\"{&quot;_animation&quot;:&quot;fadeInUp&quot;,&quot;_animation_delay&quot;:200}\" data-widget_type=\"heading.default\">\n\t\t\t\t<div class=\"elementor-widget-container\">\n\t\t\t\t\t<h4 class=\"elementor-heading-title elementor-size-default\">Zabawna wycieczka do jaski\u0144 marglowych zar\u00f3wno dla\ndzieci i doros\u0142ych<\/h4>\t\t\t\t<\/div>\n\t\t\t\t<\/div>\n\t\t\t\t<\/div>\n\t\t\t\t\t<\/div>\n\t\t\t\t<\/div>\n\t\t<div class=\"elementor-element elementor-element-6e8dc5e6 e-flex e-con-boxed e-con e-parent\" data-id=\"6e8dc5e6\" data-element_type=\"container\" data-e-type=\"container\" data-settings=\"{&quot;jet_parallax_layout_list&quot;:[]}\">\n\t\t\t\t\t<div class=\"e-con-inner\">\n\t\t<div class=\"elementor-element elementor-element-3ff14f00 e-con-full e-flex e-con e-child\" data-id=\"3ff14f00\" data-element_type=\"container\" data-e-type=\"container\" data-settings=\"{&quot;animation&quot;:&quot;none&quot;,&quot;jet_parallax_layout_list&quot;:[]}\">\n\t\t<div class=\"elementor-element elementor-element-8748eb8 e-con-full e-flex e-con e-child\" data-id=\"8748eb8\" data-element_type=\"container\" data-e-type=\"container\" data-settings=\"{&quot;background_background&quot;:&quot;classic&quot;,&quot;animation&quot;:&quot;none&quot;,&quot;jet_parallax_layout_list&quot;:[]}\">\n\t\t\t\t<div class=\"elementor-element elementor-element-5f276d2 elementor-widget elementor-widget-menu-anchor\" data-id=\"5f276d2\" data-element_type=\"widget\" data-e-type=\"widget\" data-widget_type=\"menu-anchor.default\">\n\t\t\t\t<div class=\"elementor-widget-container\">\n\t\t\t\t\t\t\t<div class=\"elementor-menu-anchor\" id=\"grotbezoek\"><\/div>\n\t\t\t\t\t\t<\/div>\n\t\t\t\t<\/div>\n\t\t\t\t<div class=\"elementor-element elementor-element-d485ba8 elementor-widget elementor-widget-image\" data-id=\"d485ba8\" data-element_type=\"widget\" data-e-type=\"widget\" data-settings=\"{&quot;_animation&quot;:&quot;none&quot;}\" data-widget_type=\"image.default\">\n\t\t\t\t<div class=\"elementor-widget-container\">\n\t\t\t\t\t\t\t\t\t\t\t\t\t\t\t<img fetchpriority=\"high\" decoding=\"async\" width=\"1200\" height=\"800\" src=\"https:\/\/mergelrijk.nl\/wp-content\/uploads\/2025\/02\/xGrottenatelier.jpg\" class=\"attachment-full size-full wp-image-863\" alt=\"Jaskinie margliste Limburgia | MergelRijk Valkenburg\" srcset=\"https:\/\/mergelrijk.nl\/wp-content\/uploads\/2025\/02\/xGrottenatelier.jpg 1200w, https:\/\/mergelrijk.nl\/wp-content\/uploads\/2025\/02\/xGrottenatelier-300x200.jpg 300w, https:\/\/mergelrijk.nl\/wp-content\/uploads\/2025\/02\/xGrottenatelier-1024x683.jpg 1024w, https:\/\/mergelrijk.nl\/wp-content\/uploads\/2025\/02\/xGrottenatelier-768x512.jpg 768w, https:\/\/mergelrijk.nl\/wp-content\/uploads\/2025\/02\/xGrottenatelier-18x12.jpg 18w\" sizes=\"(max-width: 1200px) 100vw, 1200px\" title=\"\">\t\t\t\t\t\t\t\t\t\t\t\t\t\t\t<\/div>\n\t\t\t\t<\/div>\n\t\t\t\t<\/div>\n\t\t\t\t<\/div>\n\t\t<div class=\"elementor-element elementor-element-3ae9d4da e-con-full e-flex e-con e-child\" data-id=\"3ae9d4da\" data-element_type=\"container\" data-e-type=\"container\" data-settings=\"{&quot;animation&quot;:&quot;none&quot;,&quot;jet_parallax_layout_list&quot;:[]}\">\n\t\t\t\t<div class=\"elementor-element elementor-element-51d16082 elementor-widget elementor-widget-heading\" data-id=\"51d16082\" data-element_type=\"widget\" data-e-type=\"widget\" data-widget_type=\"heading.default\">\n\t\t\t\t<div class=\"elementor-widget-container\">\n\t\t\t\t\t<h2 class=\"elementor-heading-title elementor-size-default\">Roboczy margiel<\/h2>\t\t\t\t<\/div>\n\t\t\t\t<\/div>\n\t\t\t\t<div class=\"elementor-element elementor-element-e618b2e elementor-widget elementor-widget-text-editor\" data-id=\"e618b2e\" data-element_type=\"widget\" data-e-type=\"widget\" data-widget_type=\"text-editor.default\">\n\t\t\t\t<div class=\"elementor-widget-container\">\n\t\t\t\t\t\t\t\t\t<p>Jedn\u0105 z najfajniejszych rzeczy do zrobienia podczas ka\u017cdej wizyty w MergelRijk jest zrobienie w\u0142asnej pami\u0105tki z bloku margla. Praca z marglem jest super zabawnym i kreatywnym do\u015bwiadczeniem, nawet je\u015bli nie jeste\u015b zainteresowany rze\u017abieniem lub tworzeniem dzie\u0142 sztuki. Dzieje si\u0119 tak, poniewa\u017c margiel jest bardzo mi\u0119kkim wapieniem, kt\u00f3ry jest stosunkowo \u0142atwy do rze\u017abienia, co sprawia, \u017ce ta aktywno\u015b\u0107 jest odpowiednia dla ka\u017cdego. Nawet dla Ciebie!<\/p><p>Wszyscy odwiedzaj\u0105cy maj\u0105 szans\u0119 samodzielnie pracowa\u0107 z t\u0105 mi\u0119kk\u0105 ska\u0142\u0105 i stworzy\u0107 w\u0142asne dzie\u0142o sztuki, takie jak ma\u0142a rze\u017aba lub figurka. Nawet je\u015bli tylko wydrapiesz swoje imi\u0119, inicja\u0142y, liter\u0119 lub cyfr\u0119 w bloku margla, b\u0119dziesz mia\u0142 mi\u0142\u0105 pami\u0105tk\u0119 z jaski\u0144 Limburgii!<\/p><p>Jest to zabawny i edukacyjny spos\u00f3b, aby dowiedzie\u0107 si\u0119 wi\u0119cej o materiale, jednocze\u015bnie pozwalaj\u0105c w\u0142asnej kreatywno\u015bci zaszale\u0107. Zdecydowanie warto spr\u00f3bowa\u0107!<\/p>\t\t\t\t\t\t\t\t<\/div>\n\t\t\t\t<\/div>\n\t\t\t\t<\/div>\n\t\t\t\t\t<\/div>\n\t\t\t\t<\/div>\n\t\t<div class=\"elementor-element elementor-element-3f4e5000 e-flex e-con-boxed e-con e-parent\" data-id=\"3f4e5000\" data-element_type=\"container\" data-e-type=\"container\" data-settings=\"{&quot;background_background&quot;:&quot;classic&quot;,&quot;jet_parallax_layout_list&quot;:[]}\">\n\t\t\t\t\t<div class=\"e-con-inner\">\n\t\t<div class=\"elementor-element elementor-element-efc9c0d e-con-full e-flex e-con e-child\" data-id=\"efc9c0d\" data-element_type=\"container\" data-e-type=\"container\" data-settings=\"{&quot;animation&quot;:&quot;none&quot;,&quot;jet_parallax_layout_list&quot;:[]}\">\n\t\t<div class=\"elementor-element elementor-element-0daa105 e-con-full e-flex e-con e-child\" data-id=\"0daa105\" data-element_type=\"container\" data-e-type=\"container\" data-settings=\"{&quot;background_background&quot;:&quot;classic&quot;,&quot;animation&quot;:&quot;none&quot;,&quot;jet_parallax_layout_list&quot;:[]}\">\n\t\t\t\t<div class=\"elementor-element elementor-element-e661adc elementor-widget elementor-widget-menu-anchor\" data-id=\"e661adc\" data-element_type=\"widget\" data-e-type=\"widget\" data-widget_type=\"menu-anchor.default\">\n\t\t\t\t<div class=\"elementor-widget-container\">\n\t\t\t\t\t\t\t<div class=\"elementor-menu-anchor\" id=\"mergelbewerken\"><\/div>\n\t\t\t\t\t\t<\/div>\n\t\t\t\t<\/div>\n\t\t\t\t<div class=\"elementor-element elementor-element-7b4a2b3 elementor-widget elementor-widget-image\" data-id=\"7b4a2b3\" data-element_type=\"widget\" data-e-type=\"widget\" data-widget_type=\"image.default\">\n\t\t\t\t<div class=\"elementor-widget-container\">\n\t\t\t\t\t\t\t\t\t\t\t\t\t\t\t<img decoding=\"async\" width=\"1200\" height=\"800\" src=\"https:\/\/mergelrijk.nl\/wp-content\/uploads\/2025\/02\/xGrottenatelier-materialen.jpg\" class=\"attachment-full size-full wp-image-864\" alt=\"Jaskinie margliste Limburgia | MergelRijk Valkenburg\" srcset=\"https:\/\/mergelrijk.nl\/wp-content\/uploads\/2025\/02\/xGrottenatelier-materialen.jpg 1200w, https:\/\/mergelrijk.nl\/wp-content\/uploads\/2025\/02\/xGrottenatelier-materialen-300x200.jpg 300w, https:\/\/mergelrijk.nl\/wp-content\/uploads\/2025\/02\/xGrottenatelier-materialen-1024x683.jpg 1024w, https:\/\/mergelrijk.nl\/wp-content\/uploads\/2025\/02\/xGrottenatelier-materialen-768x512.jpg 768w, https:\/\/mergelrijk.nl\/wp-content\/uploads\/2025\/02\/xGrottenatelier-materialen-18x12.jpg 18w\" sizes=\"(max-width: 1200px) 100vw, 1200px\" title=\"\">\t\t\t\t\t\t\t\t\t\t\t\t\t\t\t<\/div>\n\t\t\t\t<\/div>\n\t\t\t\t<\/div>\n\t\t\t\t<\/div>\n\t\t<div class=\"elementor-element elementor-element-54b420b e-con-full e-flex e-con e-child\" data-id=\"54b420b\" data-element_type=\"container\" data-e-type=\"container\" data-settings=\"{&quot;animation&quot;:&quot;none&quot;,&quot;jet_parallax_layout_list&quot;:[]}\">\n\t\t\t\t<div class=\"elementor-element elementor-element-675fdef elementor-widget elementor-widget-heading\" data-id=\"675fdef\" data-element_type=\"widget\" data-e-type=\"widget\" data-widget_type=\"heading.default\">\n\t\t\t\t<div class=\"elementor-widget-container\">\n\t\t\t\t\t<h2 class=\"elementor-heading-title elementor-size-default\">Warsztaty jaskiniowe<\/h2>\t\t\t\t<\/div>\n\t\t\t\t<\/div>\n\t\t\t\t<div class=\"elementor-element elementor-element-3ecb801 elementor-widget elementor-widget-text-editor\" data-id=\"3ecb801\" data-element_type=\"widget\" data-e-type=\"widget\" data-widget_type=\"text-editor.default\">\n\t\t\t\t<div class=\"elementor-widget-container\">\n\t\t\t\t\t\t\t\t\t<p>Obr\u00f3bka marglu odbywa si\u0119 w Cave Workshop, specjalnie wyposa\u017conym obszarze warsztatowym w jaskini, kt\u00f3ry mo\u017cna napotka\u0107 podczas wizyty w jaskini. Po obejrzeniu filmu instrukta\u017cowego mo\u017cesz wzi\u0105\u0107 w\u0142asne materia\u0142y i blok margla i zabra\u0107 si\u0119 do pracy.<br \/>Nale\u017cy zachowa\u0107 ostro\u017cno\u015b\u0107, poniewa\u017c blok margla jest tak mi\u0119kki, \u017ce \u0142atwo p\u0119ka po uderzeniu. Ale mo\u017cesz swobodnie co\u015b z niego spi\u0142owa\u0107, porysowa\u0107 i narysowa\u0107. Mo\u017cliwo\u015bci jest wystarczaj\u0105co du\u017co, by zmieni\u0107 go w co\u015b zabawnego.<br \/>A co najlepsze: mo\u017cesz zabra\u0107 go do domu!<br \/><br \/>Oto wskaz\u00f3wka dla os\u00f3b, kt\u00f3re wykona\u0142y ju\u017c swoj\u0105 pami\u0105tk\u0119: po powrocie do domu mo\u017cna spryska\u0107 pami\u0105tk\u0119 warstw\u0105 lakieru lub lakieru do w\u0142os\u00f3w. Dzi\u0119ki temu b\u0119dzie ona lepiej zabezpieczona i nie b\u0119dzie si\u0119 kurzy\u0107.<br \/><br \/>Nawiasem m\u00f3wi\u0105c, nie trzeba osobno rezerwowa\u0107 czasu na prac\u0119 w marglu. Jest to mo\u017cliwe podczas ca\u0142ej wizyty w jaskini i jest ca\u0142kowicie bezp\u0142atne!<\/p>\t\t\t\t\t\t\t\t<\/div>\n\t\t\t\t<\/div>\n\t\t\t\t<\/div>\n\t\t\t\t\t<\/div>\n\t\t\t\t<\/div>\n\t\t\t\t<\/div>","protected":false},"excerpt":{"rendered":"<p>Leuk uitje in de mergelgrotten voor zowel kinderen als volwassenen Mergel bewerken E\u00e9n van de leukste dingen om te doen tijdens ieder bezoek aan MergelRijk, is zelf je souvenir gaan maken van een blokje mergel. Het mergel bewerken is een superleuke en creatieve ervaring, zelfs als je misschien niet ge\u00efnteresseerd bent in beeldhouwen of het [&hellip;]<\/p>\n","protected":false},"author":1,"featured_media":0,"parent":0,"menu_order":0,"comment_status":"closed","ping_status":"closed","template":"elementor_header_footer","meta":{"footnotes":""},"class_list":["post-859","page","type-page","status-publish","hentry"],"_links":{"self":[{"href":"https:\/\/mergelrijk.nl\/pl\/wp-json\/wp\/v2\/pages\/859","targetHints":{"allow":["GET"]}}],"collection":[{"href":"https:\/\/mergelrijk.nl\/pl\/wp-json\/wp\/v2\/pages"}],"about":[{"href":"https:\/\/mergelrijk.nl\/pl\/wp-json\/wp\/v2\/types\/page"}],"author":[{"embeddable":true,"href":"https:\/\/mergelrijk.nl\/pl\/wp-json\/wp\/v2\/users\/1"}],"replies":[{"embeddable":true,"href":"https:\/\/mergelrijk.nl\/pl\/wp-json\/wp\/v2\/comments?post=859"}],"version-history":[{"count":13,"href":"https:\/\/mergelrijk.nl\/pl\/wp-json\/wp\/v2\/pages\/859\/revisions"}],"predecessor-version":[{"id":1115,"href":"https:\/\/mergelrijk.nl\/pl\/wp-json\/wp\/v2\/pages\/859\/revisions\/1115"}],"wp:attachment":[{"href":"https:\/\/mergelrijk.nl\/pl\/wp-json\/wp\/v2\/media?parent=859"}],"curies":[{"name":"wp","href":"https:\/\/api.w.org\/{rel}","templated":true}]}}