{"id":342,"date":"2025-02-04T08:40:10","date_gmt":"2025-02-04T07:40:10","guid":{"rendered":"https:\/\/mergelrijk.043test.nl\/?page_id=342"},"modified":"2025-02-14T18:39:01","modified_gmt":"2025-02-14T17:39:01","slug":"wrazenie","status":"publish","type":"page","link":"https:\/\/mergelrijk.nl\/pl\/impressie\/","title":{"rendered":"Wra\u017cenie"},"content":{"rendered":"<div data-elementor-type=\"wp-page\" data-elementor-id=\"342\" class=\"elementor elementor-342\" data-elementor-post-type=\"page\">\n\t\t\t\t<div class=\"elementor-element elementor-element-3fdc0dcd e-flex e-con-boxed e-con e-parent\" data-id=\"3fdc0dcd\" data-element_type=\"container\" data-e-type=\"container\" data-settings=\"{&quot;background_background&quot;:&quot;classic&quot;,&quot;jet_parallax_layout_list&quot;:[]}\">\n\t\t\t\t\t<div class=\"e-con-inner\">\n\t\t<div class=\"elementor-element elementor-element-633334b9 e-con-full e-flex e-con e-child\" data-id=\"633334b9\" data-element_type=\"container\" data-e-type=\"container\" data-settings=\"{&quot;jet_parallax_layout_list&quot;:[]}\">\n\t\t\t\t<div class=\"elementor-element elementor-element-15c4d0d2 elementor-invisible elementor-widget elementor-widget-heading\" data-id=\"15c4d0d2\" data-element_type=\"widget\" data-e-type=\"widget\" data-settings=\"{&quot;_animation&quot;:&quot;fadeInUp&quot;}\" data-widget_type=\"heading.default\">\n\t\t\t\t<div class=\"elementor-widget-container\">\n\t\t\t\t\t<h1 class=\"elementor-heading-title elementor-size-default\">Wra\u017cenie<\/h1>\t\t\t\t<\/div>\n\t\t\t\t<\/div>\n\t\t\t\t<div class=\"elementor-element elementor-element-59706752 animated-slow elementor-invisible elementor-widget elementor-widget-heading\" data-id=\"59706752\" data-element_type=\"widget\" data-e-type=\"widget\" data-settings=\"{&quot;_animation&quot;:&quot;fadeInUp&quot;,&quot;_animation_delay&quot;:200}\" data-widget_type=\"heading.default\">\n\t\t\t\t<div class=\"elementor-widget-container\">\n\t\t\t\t\t<h4 class=\"elementor-heading-title elementor-size-default\">Zapraszamy do naszych jaski\u0144 marglistych w Valkenburgu na najlepsz\u0105 wycieczk\u0119 w Limburgii<\/h4>\t\t\t\t<\/div>\n\t\t\t\t<\/div>\n\t\t\t\t<\/div>\n\t\t\t\t\t<\/div>\n\t\t\t\t<\/div>\n\t\t<div class=\"elementor-element elementor-element-6e8dc5e6 e-flex e-con-boxed e-con e-parent\" data-id=\"6e8dc5e6\" data-element_type=\"container\" data-e-type=\"container\" data-settings=\"{&quot;jet_parallax_layout_list&quot;:[]}\">\n\t\t\t\t\t<div class=\"e-con-inner\">\n\t\t<div class=\"elementor-element elementor-element-3ae9d4da e-con-full e-flex elementor-invisible e-con e-child\" data-id=\"3ae9d4da\" data-element_type=\"container\" data-e-type=\"container\" data-settings=\"{&quot;animation&quot;:&quot;fadeInLeft&quot;,&quot;jet_parallax_layout_list&quot;:[]}\">\n\t\t\t\t<div class=\"elementor-element elementor-element-51d16082 elementor-widget elementor-widget-heading\" data-id=\"51d16082\" data-element_type=\"widget\" data-e-type=\"widget\" data-widget_type=\"heading.default\">\n\t\t\t\t<div class=\"elementor-widget-container\">\n\t\t\t\t\t<h2 class=\"elementor-heading-title elementor-size-default\">Podgl\u0105d<\/h2>\t\t\t\t<\/div>\n\t\t\t\t<\/div>\n\t\t\t\t<div class=\"elementor-element elementor-element-e618b2e elementor-widget elementor-widget-text-editor\" data-id=\"e618b2e\" data-element_type=\"widget\" data-e-type=\"widget\" data-widget_type=\"text-editor.default\">\n\t\t\t\t<div class=\"elementor-widget-container\">\n\t\t\t\t\t\t\t\t\t<p>Zanurz si\u0119 w wyj\u0105tkowej atmosferze MergelRijk dzi\u0119ki tym imponuj\u0105cym zdj\u0119ciom. Od tajemniczych jaski\u0144 i niezwyk\u0142ych dzie\u0142 sztuki z margla po atrakcje dla m\u0142odszych i starszych - te zdj\u0119cia daj\u0105 przedsmak tego, czego mo\u017cna si\u0119 spodziewa\u0107. Sprawd\u017a wra\u017cenia i odkryj, dlaczego wizyta w MergelRijk jest niezapomnianym prze\u017cyciem!<\/p>\t\t\t\t\t\t\t\t<\/div>\n\t\t\t\t<\/div>\n\t\t\t\t<div class=\"elementor-element elementor-element-11109cd elementor-widget elementor-widget-043web-gallery-widget\" data-id=\"11109cd\" data-element_type=\"widget\" data-e-type=\"widget\" data-widget_type=\"043web-gallery-widget.default\">\n\t\t\t\t<div class=\"elementor-widget-container\">\n\t\t\t\t\t<div class=\"custom-gallery-layout grid\"><div class=\"custom-gallery-item active\" data-order-index=\"0\" data-gallery-id=\"\"  style=\"--width: 1280; --height: 960;\"><a class=\"gallery-item\" href=\"https:\/\/mergelrijk.nl\/wp-content\/uploads\/2025\/02\/schildpad-groot.jpeg\" data-elementor-open-lightbox=\"yes\" data-elementor-lightbox-slideshow=\"11109cd\"><img decoding=\"async\" src=\"https:\/\/mergelrijk.nl\/wp-content\/uploads\/2025\/02\/schildpad-groot.jpeg\" alt=\"\" title=\"\"><\/a><\/div><div class=\"custom-gallery-item active\" data-order-index=\"1\" data-gallery-id=\"\"  style=\"--width: 1280; --height: 853;\"><a class=\"gallery-item\" href=\"https:\/\/mergelrijk.nl\/wp-content\/uploads\/2025\/02\/mr_thomas_diddengroeve_04-groot.jpeg\" data-elementor-open-lightbox=\"yes\" data-elementor-lightbox-slideshow=\"11109cd\"><img decoding=\"async\" src=\"https:\/\/mergelrijk.nl\/wp-content\/uploads\/2025\/02\/mr_thomas_diddengroeve_04-groot.jpeg\" alt=\"\" title=\"\"><\/a><\/div><div class=\"custom-gallery-item active\" data-order-index=\"2\" data-gallery-id=\"\"  style=\"--width: 1280; --height: 853;\"><a class=\"gallery-item\" href=\"https:\/\/mergelrijk.nl\/wp-content\/uploads\/2025\/02\/mr_thomas_diddengroeve_01_low_res-groot.jpeg\" data-elementor-open-lightbox=\"yes\" data-elementor-lightbox-slideshow=\"11109cd\"><img decoding=\"async\" src=\"https:\/\/mergelrijk.nl\/wp-content\/uploads\/2025\/02\/mr_thomas_diddengroeve_01_low_res-groot.jpeg\" alt=\"\" title=\"\"><\/a><\/div><div class=\"custom-gallery-item active\" data-order-index=\"3\" data-gallery-id=\"\"  style=\"--width: 1280; --height: 853;\"><a class=\"gallery-item\" href=\"https:\/\/mergelrijk.nl\/wp-content\/uploads\/2025\/02\/mr_slang-groot.jpeg\" data-elementor-open-lightbox=\"yes\" data-elementor-lightbox-slideshow=\"11109cd\"><img decoding=\"async\" src=\"https:\/\/mergelrijk.nl\/wp-content\/uploads\/2025\/02\/mr_slang-groot.jpeg\" alt=\"\" title=\"\"><\/a><\/div><div class=\"custom-gallery-item active\" data-order-index=\"4\" data-gallery-id=\"\"  style=\"--width: 1280; --height: 853;\"><a class=\"gallery-item\" href=\"https:\/\/mergelrijk.nl\/wp-content\/uploads\/2025\/02\/mr_nachtwacht-groot.jpeg\" data-elementor-open-lightbox=\"yes\" data-elementor-lightbox-slideshow=\"11109cd\"><img decoding=\"async\" src=\"https:\/\/mergelrijk.nl\/wp-content\/uploads\/2025\/02\/mr_nachtwacht-groot.jpeg\" alt=\"\" title=\"\"><\/a><\/div><div class=\"custom-gallery-item active\" data-order-index=\"5\" data-gallery-id=\"\"  style=\"--width: 1280; --height: 853;\"><a class=\"gallery-item\" href=\"https:\/\/mergelrijk.nl\/wp-content\/uploads\/2025\/02\/mr_muur_01-groot.jpeg\" data-elementor-open-lightbox=\"yes\" data-elementor-lightbox-slideshow=\"11109cd\"><img decoding=\"async\" src=\"https:\/\/mergelrijk.nl\/wp-content\/uploads\/2025\/02\/mr_muur_01-groot.jpeg\" alt=\"\" title=\"\"><\/a><\/div><div class=\"custom-gallery-item active\" data-order-index=\"6\" data-gallery-id=\"\"  style=\"--width: 1280; --height: 853;\"><a class=\"gallery-item\" href=\"https:\/\/mergelrijk.nl\/wp-content\/uploads\/2025\/02\/mr_jan_kruysen_galerij_01-groot.jpeg\" data-elementor-open-lightbox=\"yes\" data-elementor-lightbox-slideshow=\"11109cd\"><img decoding=\"async\" src=\"https:\/\/mergelrijk.nl\/wp-content\/uploads\/2025\/02\/mr_jan_kruysen_galerij_01-groot.jpeg\" alt=\"\" title=\"\"><\/a><\/div><div class=\"custom-gallery-item active\" data-order-index=\"7\" data-gallery-id=\"\"  style=\"--width: 1280; --height: 960;\"><a class=\"gallery-item\" href=\"https:\/\/mergelrijk.nl\/wp-content\/uploads\/2025\/02\/mosasaurus-groot.jpeg\" data-elementor-open-lightbox=\"yes\" data-elementor-lightbox-slideshow=\"11109cd\"><img decoding=\"async\" src=\"https:\/\/mergelrijk.nl\/wp-content\/uploads\/2025\/02\/mosasaurus-groot.jpeg\" alt=\"\" title=\"\"><\/a><\/div><div class=\"custom-gallery-item active\" data-order-index=\"8\" data-gallery-id=\"\"  style=\"--width: 1280; --height: 720;\"><a class=\"gallery-item\" href=\"https:\/\/mergelrijk.nl\/wp-content\/uploads\/2025\/02\/mergeltovenaar-groot.jpeg\" data-elementor-open-lightbox=\"yes\" data-elementor-lightbox-slideshow=\"11109cd\"><img decoding=\"async\" src=\"https:\/\/mergelrijk.nl\/wp-content\/uploads\/2025\/02\/mergeltovenaar-groot.jpeg\" alt=\"\" title=\"\"><\/a><\/div><div class=\"custom-gallery-item active\" data-order-index=\"9\" data-gallery-id=\"\"  style=\"--width: 1280; --height: 1280;\"><a class=\"gallery-item\" href=\"https:\/\/mergelrijk.nl\/wp-content\/uploads\/2025\/02\/mergeltekenen-groot.jpeg\" data-elementor-open-lightbox=\"yes\" data-elementor-lightbox-slideshow=\"11109cd\"><img decoding=\"async\" src=\"https:\/\/mergelrijk.nl\/wp-content\/uploads\/2025\/02\/mergeltekenen-groot.jpeg\" alt=\"\" title=\"\"><\/a><\/div><div class=\"custom-gallery-item active\" data-order-index=\"10\" data-gallery-id=\"\"  style=\"--width: 1280; --height: 853;\"><a class=\"gallery-item\" href=\"https:\/\/mergelrijk.nl\/wp-content\/uploads\/2025\/02\/mergelrijk_kids_serie_05-groot.jpeg\" data-elementor-open-lightbox=\"yes\" data-elementor-lightbox-slideshow=\"11109cd\"><img decoding=\"async\" src=\"https:\/\/mergelrijk.nl\/wp-content\/uploads\/2025\/02\/mergelrijk_kids_serie_05-groot.jpeg\" alt=\"\" title=\"\"><\/a><\/div><div class=\"custom-gallery-item active\" data-order-index=\"11\" data-gallery-id=\"\"  style=\"--width: 1280; --height: 853;\"><a class=\"gallery-item\" href=\"https:\/\/mergelrijk.nl\/wp-content\/uploads\/2025\/02\/mergelrijk_kids_groot-groot.jpeg\" data-elementor-open-lightbox=\"yes\" data-elementor-lightbox-slideshow=\"11109cd\"><img decoding=\"async\" src=\"https:\/\/mergelrijk.nl\/wp-content\/uploads\/2025\/02\/mergelrijk_kids_groot-groot.jpeg\" alt=\"\" title=\"\"><\/a><\/div><div class=\"custom-gallery-item active\" data-order-index=\"12\" data-gallery-id=\"\"  style=\"--width: 1280; --height: 715;\"><a class=\"gallery-item\" href=\"https:\/\/mergelrijk.nl\/wp-content\/uploads\/2025\/02\/mergelrijk_champignonkweek_groot-groot.jpeg\" data-elementor-open-lightbox=\"yes\" data-elementor-lightbox-slideshow=\"11109cd\"><img decoding=\"async\" src=\"https:\/\/mergelrijk.nl\/wp-content\/uploads\/2025\/02\/mergelrijk_champignonkweek_groot-groot.jpeg\" alt=\"\" title=\"\"><\/a><\/div><div class=\"custom-gallery-item active\" data-order-index=\"13\" data-gallery-id=\"\"  style=\"--width: 1280; --height: 853;\"><a class=\"gallery-item\" href=\"https:\/\/mergelrijk.nl\/wp-content\/uploads\/2025\/02\/kids_5-groot.jpeg\" data-elementor-open-lightbox=\"yes\" data-elementor-lightbox-slideshow=\"11109cd\"><img decoding=\"async\" src=\"https:\/\/mergelrijk.nl\/wp-content\/uploads\/2025\/02\/kids_5-groot.jpeg\" alt=\"\" title=\"\"><\/a><\/div><div class=\"custom-gallery-item active\" data-order-index=\"14\" data-gallery-id=\"\"  style=\"--width: 1280; --height: 853;\"><a class=\"gallery-item\" href=\"https:\/\/mergelrijk.nl\/wp-content\/uploads\/2025\/02\/kids_3-groot.jpeg\" data-elementor-open-lightbox=\"yes\" data-elementor-lightbox-slideshow=\"11109cd\"><img decoding=\"async\" src=\"https:\/\/mergelrijk.nl\/wp-content\/uploads\/2025\/02\/kids_3-groot.jpeg\" alt=\"\" title=\"\"><\/a><\/div><div class=\"custom-gallery-item active\" data-order-index=\"15\" data-gallery-id=\"\"  style=\"--width: 1280; --height: 853;\"><a class=\"gallery-item\" href=\"https:\/\/mergelrijk.nl\/wp-content\/uploads\/2025\/02\/kids_1-groot.jpeg\" data-elementor-open-lightbox=\"yes\" data-elementor-lightbox-slideshow=\"11109cd\"><img decoding=\"async\" src=\"https:\/\/mergelrijk.nl\/wp-content\/uploads\/2025\/02\/kids_1-groot.jpeg\" alt=\"\" title=\"\"><\/a><\/div><div class=\"custom-gallery-item active\" data-order-index=\"16\" data-gallery-id=\"\"  style=\"--width: 1280; --height: 853;\"><a class=\"gallery-item\" href=\"https:\/\/mergelrijk.nl\/wp-content\/uploads\/2025\/02\/dinorijk_2-groot.jpeg\" data-elementor-open-lightbox=\"yes\" data-elementor-lightbox-slideshow=\"11109cd\"><img decoding=\"async\" src=\"https:\/\/mergelrijk.nl\/wp-content\/uploads\/2025\/02\/dinorijk_2-groot.jpeg\" alt=\"\" title=\"\"><\/a><\/div><div class=\"custom-gallery-item active\" data-order-index=\"17\" data-gallery-id=\"\"  style=\"--width: 918; --height: 1280;\"><a class=\"gallery-item\" href=\"https:\/\/mergelrijk.nl\/wp-content\/uploads\/2025\/02\/2205_mergelrijk_chris-groot.jpeg\" data-elementor-open-lightbox=\"yes\" data-elementor-lightbox-slideshow=\"11109cd\"><img decoding=\"async\" src=\"https:\/\/mergelrijk.nl\/wp-content\/uploads\/2025\/02\/2205_mergelrijk_chris-groot.jpeg\" alt=\"\" title=\"\"><\/a><\/div><div class=\"custom-gallery-item active\" data-order-index=\"18\" data-gallery-id=\"\"  style=\"--width: 1280; --height: 853;\"><a class=\"gallery-item\" href=\"https:\/\/mergelrijk.nl\/wp-content\/uploads\/2025\/02\/2205_mergelrijk_3d_30-groot.jpeg\" data-elementor-open-lightbox=\"yes\" data-elementor-lightbox-slideshow=\"11109cd\"><img decoding=\"async\" src=\"https:\/\/mergelrijk.nl\/wp-content\/uploads\/2025\/02\/2205_mergelrijk_3d_30-groot.jpeg\" alt=\"\" title=\"\"><\/a><\/div><div class=\"custom-gallery-item active\" data-order-index=\"19\" data-gallery-id=\"\"  style=\"--width: 1280; --height: 853;\"><a class=\"gallery-item\" href=\"https:\/\/mergelrijk.nl\/wp-content\/uploads\/2025\/02\/2205_mergelrijk_3d_20_1_-groot.jpeg\" data-elementor-open-lightbox=\"yes\" data-elementor-lightbox-slideshow=\"11109cd\"><img decoding=\"async\" src=\"https:\/\/mergelrijk.nl\/wp-content\/uploads\/2025\/02\/2205_mergelrijk_3d_20_1_-groot.jpeg\" alt=\"\" title=\"\"><\/a><\/div><div class=\"custom-gallery-item active\" data-order-index=\"20\" data-gallery-id=\"\"  style=\"--width: 853; --height: 1280;\"><a class=\"gallery-item\" href=\"https:\/\/mergelrijk.nl\/wp-content\/uploads\/2025\/02\/2205_mergelrijk_3d_02_-_kopie-groot.jpeg\" data-elementor-open-lightbox=\"yes\" data-elementor-lightbox-slideshow=\"11109cd\"><img decoding=\"async\" src=\"https:\/\/mergelrijk.nl\/wp-content\/uploads\/2025\/02\/2205_mergelrijk_3d_02_-_kopie-groot.jpeg\" alt=\"\" title=\"\"><\/a><\/div><\/div>\t\t\t\t<\/div>\n\t\t\t\t<\/div>\n\t\t\t\t<\/div>\n\t\t\t\t\t<\/div>\n\t\t\t\t<\/div>\n\t\t<div class=\"elementor-element elementor-element-3f4e5000 e-flex e-con-boxed e-con e-parent\" data-id=\"3f4e5000\" data-element_type=\"container\" data-e-type=\"container\" data-settings=\"{&quot;background_background&quot;:&quot;classic&quot;,&quot;jet_parallax_layout_list&quot;:[]}\">\n\t\t\t\t\t<div class=\"e-con-inner\">\n\t\t<div class=\"elementor-element elementor-element-efc9c0d e-con-full e-flex elementor-invisible e-con e-child\" data-id=\"efc9c0d\" data-element_type=\"container\" data-e-type=\"container\" data-settings=\"{&quot;animation&quot;:&quot;fadeInUp&quot;,&quot;jet_parallax_layout_list&quot;:[]}\">\n\t\t<div class=\"elementor-element elementor-element-0daa105 e-con-full e-flex elementor-invisible e-con e-child\" data-id=\"0daa105\" data-element_type=\"container\" data-e-type=\"container\" data-settings=\"{&quot;background_background&quot;:&quot;classic&quot;,&quot;animation&quot;:&quot;fadeInLeft&quot;,&quot;jet_parallax_layout_list&quot;:[]}\">\n\t\t\t\t<div class=\"elementor-element elementor-element-f54f56e elementor-widget elementor-widget-video\" data-id=\"f54f56e\" data-element_type=\"widget\" data-e-type=\"widget\" data-settings=\"{&quot;youtube_url&quot;:&quot;https:\\\/\\\/www.youtube.com\\\/watch?v=DBzrTUV7Ij8&quot;,&quot;video_type&quot;:&quot;youtube&quot;,&quot;controls&quot;:&quot;yes&quot;}\" data-widget_type=\"video.default\">\n\t\t\t\t<div class=\"elementor-widget-container\">\n\t\t\t\t\t\t\t<div class=\"elementor-wrapper elementor-open-inline\">\n\t\t\t<div class=\"elementor-video\"><\/div>\t\t<\/div>\n\t\t\t\t\t\t<\/div>\n\t\t\t\t<\/div>\n\t\t\t\t<\/div>\n\t\t\t\t<\/div>\n\t\t<div class=\"elementor-element elementor-element-54b420b e-con-full e-flex elementor-invisible e-con e-child\" data-id=\"54b420b\" data-element_type=\"container\" data-e-type=\"container\" data-settings=\"{&quot;animation&quot;:&quot;fadeInLeft&quot;,&quot;jet_parallax_layout_list&quot;:[]}\">\n\t\t\t\t<div class=\"elementor-element elementor-element-675fdef elementor-widget elementor-widget-heading\" data-id=\"675fdef\" data-element_type=\"widget\" data-e-type=\"widget\" data-widget_type=\"heading.default\">\n\t\t\t\t<div class=\"elementor-widget-container\">\n\t\t\t\t\t<h2 class=\"elementor-heading-title elementor-size-default\">O nas<\/h2>\t\t\t\t<\/div>\n\t\t\t\t<\/div>\n\t\t\t\t<div class=\"elementor-element elementor-element-3ecb801 elementor-widget elementor-widget-text-editor\" data-id=\"3ecb801\" data-element_type=\"widget\" data-e-type=\"widget\" data-widget_type=\"text-editor.default\">\n\t\t\t\t<div class=\"elementor-widget-container\">\n\t\t\t\t\t\t\t\t\t<p>MergelRijk otwarto w 2014 roku w wielowiekowej jaskini marglistej, jako atrakcj\u0119 zar\u00f3wno edukacyjn\u0105, jak i rozrywkow\u0105, z naciskiem na opowiedzenie wszystkich historii o geologii i historii jaski\u0144 Limburgii oraz wykorzystaniu margla.<br \/>Pomys\u0142 polega\u0142 na nadaniu starym kamienio\u0142omom, kt\u00f3re od wielu lat nie by\u0142y wykorzystywane do wydobywania margla, nowej funkcji i udost\u0119pnieniu ich publiczno\u015bci. Stworzenie Mergelrijk pozwoli\u0142o na po\u0142\u0105czenie fascynuj\u0105cej historii kamienio\u0142om\u00f3w z nowoczesnymi, interaktywnymi wystawami i do\u015bwiadczeniami, takimi jak obrazy 3D i mo\u017cliwo\u015b\u0107 samodzielnej pracy z marglem.<\/p>\t\t\t\t\t\t\t\t<\/div>\n\t\t\t\t<\/div>\n\t\t\t\t<div class=\"elementor-element elementor-element-e9921d6 elementor-widget elementor-widget-button\" data-id=\"e9921d6\" data-element_type=\"widget\" data-e-type=\"widget\" data-widget_type=\"button.default\">\n\t\t\t\t<div class=\"elementor-widget-container\">\n\t\t\t\t\t\t\t\t\t<div class=\"elementor-button-wrapper\">\n\t\t\t\t\t<a class=\"elementor-button elementor-button-link elementor-size-sm\" href=\"https:\/\/mergelrijk.nl\/pl\/o-nas\/\">\n\t\t\t\t\t\t<span class=\"elementor-button-content-wrapper\">\n\t\t\t\t\t\t\t\t\t<span class=\"elementor-button-text\">Czytaj wi\u0119cej<\/span>\n\t\t\t\t\t<\/span>\n\t\t\t\t\t<\/a>\n\t\t\t\t<\/div>\n\t\t\t\t\t\t\t\t<\/div>\n\t\t\t\t<\/div>\n\t\t\t\t<\/div>\n\t\t\t\t\t<\/div>\n\t\t\t\t<\/div>\n\t\t\t\t<\/div>","protected":false},"excerpt":{"rendered":"<p>Kom naar onze mergelgrotten in Valkenburg voor het leukste uitje van Limburg Voorproefje Laat je meenemen in de unieke sfeer van MergelRijk met deze indrukwekkende beelden. Van de mysterieuze grotten en bijzondere mergelkunstwerken tot de leuke activiteiten voor jong en oud \u2013 deze foto&#8217;s geven een voorproefje van wat je kunt verwachten. Bekijk de indrukken [&hellip;]<\/p>\n","protected":false},"author":1,"featured_media":0,"parent":0,"menu_order":0,"comment_status":"closed","ping_status":"closed","template":"elementor_header_footer","meta":{"footnotes":""},"class_list":["post-342","page","type-page","status-publish","hentry"],"_links":{"self":[{"href":"https:\/\/mergelrijk.nl\/pl\/wp-json\/wp\/v2\/pages\/342","targetHints":{"allow":["GET"]}}],"collection":[{"href":"https:\/\/mergelrijk.nl\/pl\/wp-json\/wp\/v2\/pages"}],"about":[{"href":"https:\/\/mergelrijk.nl\/pl\/wp-json\/wp\/v2\/types\/page"}],"author":[{"embeddable":true,"href":"https:\/\/mergelrijk.nl\/pl\/wp-json\/wp\/v2\/users\/1"}],"replies":[{"embeddable":true,"href":"https:\/\/mergelrijk.nl\/pl\/wp-json\/wp\/v2\/comments?post=342"}],"version-history":[{"count":29,"href":"https:\/\/mergelrijk.nl\/pl\/wp-json\/wp\/v2\/pages\/342\/revisions"}],"predecessor-version":[{"id":709,"href":"https:\/\/mergelrijk.nl\/pl\/wp-json\/wp\/v2\/pages\/342\/revisions\/709"}],"wp:attachment":[{"href":"https:\/\/mergelrijk.nl\/pl\/wp-json\/wp\/v2\/media?parent=342"}],"curies":[{"name":"wp","href":"https:\/\/api.w.org\/{rel}","templated":true}]}}