{"id":859,"date":"2025-02-20T14:15:43","date_gmt":"2025-02-20T13:15:43","guid":{"rendered":"https:\/\/mergelrijk.nl\/?page_id=859"},"modified":"2025-09-11T11:55:49","modified_gmt":"2025-09-11T09:55:49","slug":"lavorazione-della-marna","status":"publish","type":"page","link":"https:\/\/mergelrijk.nl\/it\/mergel-bewerken\/","title":{"rendered":"Marna da lavoro"},"content":{"rendered":"<div data-elementor-type=\"wp-page\" data-elementor-id=\"859\" class=\"elementor elementor-859\" data-elementor-post-type=\"page\">\n\t\t\t\t<div class=\"elementor-element elementor-element-3fdc0dcd e-flex e-con-boxed e-con e-parent\" data-id=\"3fdc0dcd\" data-element_type=\"container\" data-e-type=\"container\" data-settings=\"{&quot;background_background&quot;:&quot;classic&quot;,&quot;jet_parallax_layout_list&quot;:[]}\">\n\t\t\t\t\t<div class=\"e-con-inner\">\n\t\t<div class=\"elementor-element elementor-element-633334b9 e-con-full e-flex e-con e-child\" data-id=\"633334b9\" data-element_type=\"container\" data-e-type=\"container\" data-settings=\"{&quot;jet_parallax_layout_list&quot;:[]}\">\n\t\t\t\t<div class=\"elementor-element elementor-element-15c4d0d2 elementor-invisible elementor-widget elementor-widget-heading\" data-id=\"15c4d0d2\" data-element_type=\"widget\" data-e-type=\"widget\" data-settings=\"{&quot;_animation&quot;:&quot;fadeInUp&quot;}\" data-widget_type=\"heading.default\">\n\t\t\t\t<div class=\"elementor-widget-container\">\n\t\t\t\t\t<h1 class=\"elementor-heading-title elementor-size-default\">Marna da lavoro<\/h1>\t\t\t\t<\/div>\n\t\t\t\t<\/div>\n\t\t\t\t<div class=\"elementor-element elementor-element-59706752 animated-slow elementor-invisible elementor-widget elementor-widget-heading\" data-id=\"59706752\" data-element_type=\"widget\" data-e-type=\"widget\" data-settings=\"{&quot;_animation&quot;:&quot;fadeInUp&quot;,&quot;_animation_delay&quot;:200}\" data-widget_type=\"heading.default\">\n\t\t\t\t<div class=\"elementor-widget-container\">\n\t\t\t\t\t<h4 class=\"elementor-heading-title elementor-size-default\">Divertente gita nelle grotte di marna per\nbambini e adulti<\/h4>\t\t\t\t<\/div>\n\t\t\t\t<\/div>\n\t\t\t\t<\/div>\n\t\t\t\t\t<\/div>\n\t\t\t\t<\/div>\n\t\t<div class=\"elementor-element elementor-element-6e8dc5e6 e-flex e-con-boxed e-con e-parent\" data-id=\"6e8dc5e6\" data-element_type=\"container\" data-e-type=\"container\" data-settings=\"{&quot;jet_parallax_layout_list&quot;:[]}\">\n\t\t\t\t\t<div class=\"e-con-inner\">\n\t\t<div class=\"elementor-element elementor-element-3ff14f00 e-con-full e-flex e-con e-child\" data-id=\"3ff14f00\" data-element_type=\"container\" data-e-type=\"container\" data-settings=\"{&quot;animation&quot;:&quot;none&quot;,&quot;jet_parallax_layout_list&quot;:[]}\">\n\t\t<div class=\"elementor-element elementor-element-8748eb8 e-con-full e-flex e-con e-child\" data-id=\"8748eb8\" data-element_type=\"container\" data-e-type=\"container\" data-settings=\"{&quot;background_background&quot;:&quot;classic&quot;,&quot;animation&quot;:&quot;none&quot;,&quot;jet_parallax_layout_list&quot;:[]}\">\n\t\t\t\t<div class=\"elementor-element elementor-element-5f276d2 elementor-widget elementor-widget-menu-anchor\" data-id=\"5f276d2\" data-element_type=\"widget\" data-e-type=\"widget\" data-widget_type=\"menu-anchor.default\">\n\t\t\t\t<div class=\"elementor-widget-container\">\n\t\t\t\t\t\t\t<div class=\"elementor-menu-anchor\" id=\"grotbezoek\"><\/div>\n\t\t\t\t\t\t<\/div>\n\t\t\t\t<\/div>\n\t\t\t\t<div class=\"elementor-element elementor-element-d485ba8 elementor-widget elementor-widget-image\" data-id=\"d485ba8\" data-element_type=\"widget\" data-e-type=\"widget\" data-settings=\"{&quot;_animation&quot;:&quot;none&quot;}\" data-widget_type=\"image.default\">\n\t\t\t\t<div class=\"elementor-widget-container\">\n\t\t\t\t\t\t\t\t\t\t\t\t\t\t\t<img fetchpriority=\"high\" decoding=\"async\" width=\"1200\" height=\"800\" src=\"https:\/\/mergelrijk.nl\/wp-content\/uploads\/2025\/02\/xGrottenatelier.jpg\" class=\"attachment-full size-full wp-image-863\" alt=\"Grotte di marna Limburgo | MergelRijk Valkenburg\" srcset=\"https:\/\/mergelrijk.nl\/wp-content\/uploads\/2025\/02\/xGrottenatelier.jpg 1200w, https:\/\/mergelrijk.nl\/wp-content\/uploads\/2025\/02\/xGrottenatelier-300x200.jpg 300w, https:\/\/mergelrijk.nl\/wp-content\/uploads\/2025\/02\/xGrottenatelier-1024x683.jpg 1024w, https:\/\/mergelrijk.nl\/wp-content\/uploads\/2025\/02\/xGrottenatelier-768x512.jpg 768w, https:\/\/mergelrijk.nl\/wp-content\/uploads\/2025\/02\/xGrottenatelier-18x12.jpg 18w\" sizes=\"(max-width: 1200px) 100vw, 1200px\" title=\"\">\t\t\t\t\t\t\t\t\t\t\t\t\t\t\t<\/div>\n\t\t\t\t<\/div>\n\t\t\t\t<\/div>\n\t\t\t\t<\/div>\n\t\t<div class=\"elementor-element elementor-element-3ae9d4da e-con-full e-flex e-con e-child\" data-id=\"3ae9d4da\" data-element_type=\"container\" data-e-type=\"container\" data-settings=\"{&quot;animation&quot;:&quot;none&quot;,&quot;jet_parallax_layout_list&quot;:[]}\">\n\t\t\t\t<div class=\"elementor-element elementor-element-51d16082 elementor-widget elementor-widget-heading\" data-id=\"51d16082\" data-element_type=\"widget\" data-e-type=\"widget\" data-widget_type=\"heading.default\">\n\t\t\t\t<div class=\"elementor-widget-container\">\n\t\t\t\t\t<h2 class=\"elementor-heading-title elementor-size-default\">Marna da lavoro<\/h2>\t\t\t\t<\/div>\n\t\t\t\t<\/div>\n\t\t\t\t<div class=\"elementor-element elementor-element-e618b2e elementor-widget elementor-widget-text-editor\" data-id=\"e618b2e\" data-element_type=\"widget\" data-e-type=\"widget\" data-widget_type=\"text-editor.default\">\n\t\t\t\t<div class=\"elementor-widget-container\">\n\t\t\t\t\t\t\t\t\t<p>Una delle cose pi\u00f9 divertenti da fare durante una visita a MergelRijk \u00e8 andare a creare il proprio souvenir da un blocco di marna. Lavorare la marna \u00e8 un'esperienza molto divertente e creativa, anche se non si \u00e8 interessati a scolpire o a creare un'opera d'arte. Infatti, la marna \u00e8 una pietra calcarea molto morbida e relativamente facile da scolpire, il che rende questa attivit\u00e0 adatta a tutti. Anche a voi!<\/p><p>Tutti i visitatori hanno la possibilit\u00e0 di lavorare personalmente con questa roccia morbida e di creare la propria opera d'arte, come una piccola scultura o una figura. Anche se vi limitate a graffiare il vostro nome, le vostre iniziali, una lettera o un numero sul blocco di marna, avrete gi\u00e0 un bel ricordo delle grotte del Limburgo!<\/p><p>\u00c8 un modo divertente ed educativo per imparare di pi\u00f9 sul materiale e dare sfogo alla propria creativit\u00e0. Vale sicuramente la pena di provarlo!<\/p>\t\t\t\t\t\t\t\t<\/div>\n\t\t\t\t<\/div>\n\t\t\t\t<\/div>\n\t\t\t\t\t<\/div>\n\t\t\t\t<\/div>\n\t\t<div class=\"elementor-element elementor-element-3f4e5000 e-flex e-con-boxed e-con e-parent\" data-id=\"3f4e5000\" data-element_type=\"container\" data-e-type=\"container\" data-settings=\"{&quot;background_background&quot;:&quot;classic&quot;,&quot;jet_parallax_layout_list&quot;:[]}\">\n\t\t\t\t\t<div class=\"e-con-inner\">\n\t\t<div class=\"elementor-element elementor-element-efc9c0d e-con-full e-flex e-con e-child\" data-id=\"efc9c0d\" data-element_type=\"container\" data-e-type=\"container\" data-settings=\"{&quot;animation&quot;:&quot;none&quot;,&quot;jet_parallax_layout_list&quot;:[]}\">\n\t\t<div class=\"elementor-element elementor-element-0daa105 e-con-full e-flex e-con e-child\" data-id=\"0daa105\" data-element_type=\"container\" data-e-type=\"container\" data-settings=\"{&quot;background_background&quot;:&quot;classic&quot;,&quot;animation&quot;:&quot;none&quot;,&quot;jet_parallax_layout_list&quot;:[]}\">\n\t\t\t\t<div class=\"elementor-element elementor-element-e661adc elementor-widget elementor-widget-menu-anchor\" data-id=\"e661adc\" data-element_type=\"widget\" data-e-type=\"widget\" data-widget_type=\"menu-anchor.default\">\n\t\t\t\t<div class=\"elementor-widget-container\">\n\t\t\t\t\t\t\t<div class=\"elementor-menu-anchor\" id=\"mergelbewerken\"><\/div>\n\t\t\t\t\t\t<\/div>\n\t\t\t\t<\/div>\n\t\t\t\t<div class=\"elementor-element elementor-element-7b4a2b3 elementor-widget elementor-widget-image\" data-id=\"7b4a2b3\" data-element_type=\"widget\" data-e-type=\"widget\" data-widget_type=\"image.default\">\n\t\t\t\t<div class=\"elementor-widget-container\">\n\t\t\t\t\t\t\t\t\t\t\t\t\t\t\t<img decoding=\"async\" width=\"1200\" height=\"800\" src=\"https:\/\/mergelrijk.nl\/wp-content\/uploads\/2025\/02\/xGrottenatelier-materialen.jpg\" class=\"attachment-full size-full wp-image-864\" alt=\"Grotte di marna Limburgo | MergelRijk Valkenburg\" srcset=\"https:\/\/mergelrijk.nl\/wp-content\/uploads\/2025\/02\/xGrottenatelier-materialen.jpg 1200w, https:\/\/mergelrijk.nl\/wp-content\/uploads\/2025\/02\/xGrottenatelier-materialen-300x200.jpg 300w, https:\/\/mergelrijk.nl\/wp-content\/uploads\/2025\/02\/xGrottenatelier-materialen-1024x683.jpg 1024w, https:\/\/mergelrijk.nl\/wp-content\/uploads\/2025\/02\/xGrottenatelier-materialen-768x512.jpg 768w, https:\/\/mergelrijk.nl\/wp-content\/uploads\/2025\/02\/xGrottenatelier-materialen-18x12.jpg 18w\" sizes=\"(max-width: 1200px) 100vw, 1200px\" title=\"\">\t\t\t\t\t\t\t\t\t\t\t\t\t\t\t<\/div>\n\t\t\t\t<\/div>\n\t\t\t\t<\/div>\n\t\t\t\t<\/div>\n\t\t<div class=\"elementor-element elementor-element-54b420b e-con-full e-flex e-con e-child\" data-id=\"54b420b\" data-element_type=\"container\" data-e-type=\"container\" data-settings=\"{&quot;animation&quot;:&quot;none&quot;,&quot;jet_parallax_layout_list&quot;:[]}\">\n\t\t\t\t<div class=\"elementor-element elementor-element-675fdef elementor-widget elementor-widget-heading\" data-id=\"675fdef\" data-element_type=\"widget\" data-e-type=\"widget\" data-widget_type=\"heading.default\">\n\t\t\t\t<div class=\"elementor-widget-container\">\n\t\t\t\t\t<h2 class=\"elementor-heading-title elementor-size-default\">Laboratorio in grotta<\/h2>\t\t\t\t<\/div>\n\t\t\t\t<\/div>\n\t\t\t\t<div class=\"elementor-element elementor-element-3ecb801 elementor-widget elementor-widget-text-editor\" data-id=\"3ecb801\" data-element_type=\"widget\" data-e-type=\"widget\" data-widget_type=\"text-editor.default\">\n\t\t\t\t<div class=\"elementor-widget-container\">\n\t\t\t\t\t\t\t\t\t<p>La lavorazione della marna si svolge nel Cave Workshop, un'area laboratorio della grotta appositamente attrezzata, che si incontra durante la visita della grotta. Dopo aver visto un video di istruzioni, potrete prendere i vostri materiali e un blocco di marna e mettervi al lavoro.<br \/>Fate attenzione, perch\u00e9 il blocco di marna \u00e8 cos\u00ec morbido che si rompe facilmente quando lo si colpisce. Ma potete sentirvi liberi di limare qualcosa, graffiare e disegnare su di esso. Ci sono molte possibilit\u00e0 di trasformarlo in qualcosa di divertente.<br \/>E la parte migliore: potete portarla a casa!<br \/><br \/>Ecco un consiglio per quando avrete realizzato il vostro souvenir: una volta tornati a casa, potreste spruzzare il vostro souvenir con uno strato di vernice o di lacca per capelli. Cos\u00ec sar\u00e0 pi\u00f9 protetto e non ci sar\u00e0 pi\u00f9 polvere.<br \/><br \/>A proposito, non \u00e8 necessario prenotare separatamente per la lavorazione della marna. \u00c8 possibile farlo durante tutta la visita alla grotta ed \u00e8 assolutamente gratuito!<\/p>\t\t\t\t\t\t\t\t<\/div>\n\t\t\t\t<\/div>\n\t\t\t\t<\/div>\n\t\t\t\t\t<\/div>\n\t\t\t\t<\/div>\n\t\t\t\t<\/div>","protected":false},"excerpt":{"rendered":"<p>Leuk uitje in de mergelgrotten voor zowel kinderen als volwassenen Mergel bewerken E\u00e9n van de leukste dingen om te doen tijdens ieder bezoek aan MergelRijk, is zelf je souvenir gaan maken van een blokje mergel. Het mergel bewerken is een superleuke en creatieve ervaring, zelfs als je misschien niet ge\u00efnteresseerd bent in beeldhouwen of het [&hellip;]<\/p>\n","protected":false},"author":1,"featured_media":0,"parent":0,"menu_order":0,"comment_status":"closed","ping_status":"closed","template":"elementor_header_footer","meta":{"footnotes":""},"class_list":["post-859","page","type-page","status-publish","hentry"],"_links":{"self":[{"href":"https:\/\/mergelrijk.nl\/it\/wp-json\/wp\/v2\/pages\/859","targetHints":{"allow":["GET"]}}],"collection":[{"href":"https:\/\/mergelrijk.nl\/it\/wp-json\/wp\/v2\/pages"}],"about":[{"href":"https:\/\/mergelrijk.nl\/it\/wp-json\/wp\/v2\/types\/page"}],"author":[{"embeddable":true,"href":"https:\/\/mergelrijk.nl\/it\/wp-json\/wp\/v2\/users\/1"}],"replies":[{"embeddable":true,"href":"https:\/\/mergelrijk.nl\/it\/wp-json\/wp\/v2\/comments?post=859"}],"version-history":[{"count":13,"href":"https:\/\/mergelrijk.nl\/it\/wp-json\/wp\/v2\/pages\/859\/revisions"}],"predecessor-version":[{"id":1115,"href":"https:\/\/mergelrijk.nl\/it\/wp-json\/wp\/v2\/pages\/859\/revisions\/1115"}],"wp:attachment":[{"href":"https:\/\/mergelrijk.nl\/it\/wp-json\/wp\/v2\/media?parent=859"}],"curies":[{"name":"wp","href":"https:\/\/api.w.org\/{rel}","templated":true}]}}