{"id":411,"date":"2025-02-04T09:36:16","date_gmt":"2025-02-04T08:36:16","guid":{"rendered":"https:\/\/mergelrijk.043test.nl\/?page_id=411"},"modified":"2025-04-10T14:14:58","modified_gmt":"2025-04-10T12:14:58","slug":"a-propos-de-nous","status":"publish","type":"page","link":"https:\/\/mergelrijk.nl\/fr\/over-ons\/","title":{"rendered":"A propos de nous"},"content":{"rendered":"<div data-elementor-type=\"wp-page\" data-elementor-id=\"411\" class=\"elementor elementor-411\" data-elementor-post-type=\"page\">\n\t\t\t\t<div class=\"elementor-element elementor-element-3fdc0dcd e-flex e-con-boxed e-con e-parent\" data-id=\"3fdc0dcd\" data-element_type=\"container\" data-e-type=\"container\" data-settings=\"{&quot;background_background&quot;:&quot;classic&quot;,&quot;jet_parallax_layout_list&quot;:[]}\">\n\t\t\t\t\t<div class=\"e-con-inner\">\n\t\t<div class=\"elementor-element elementor-element-633334b9 e-con-full e-flex e-con e-child\" data-id=\"633334b9\" data-element_type=\"container\" data-e-type=\"container\" data-settings=\"{&quot;jet_parallax_layout_list&quot;:[]}\">\n\t\t\t\t<div class=\"elementor-element elementor-element-15c4d0d2 elementor-invisible elementor-widget elementor-widget-heading\" data-id=\"15c4d0d2\" data-element_type=\"widget\" data-e-type=\"widget\" data-settings=\"{&quot;_animation&quot;:&quot;fadeInUp&quot;}\" data-widget_type=\"heading.default\">\n\t\t\t\t<div class=\"elementor-widget-container\">\n\t\t\t\t\t<h1 class=\"elementor-heading-title elementor-size-default\">A propos de nous<\/h1>\t\t\t\t<\/div>\n\t\t\t\t<\/div>\n\t\t\t\t<div class=\"elementor-element elementor-element-59706752 animated-slow elementor-invisible elementor-widget elementor-widget-heading\" data-id=\"59706752\" data-element_type=\"widget\" data-e-type=\"widget\" data-settings=\"{&quot;_animation&quot;:&quot;fadeInUp&quot;,&quot;_animation_delay&quot;:200}\" data-widget_type=\"heading.default\">\n\t\t\t\t<div class=\"elementor-widget-container\">\n\t\t\t\t\t<h4 class=\"elementor-heading-title elementor-size-default\">Les cr\u00e9ateurs de MergelRijk souhaitaient partager leurs histoires, leurs connaissances et leur amour de la r\u00e9gion d'une mani\u00e8re innovante et accessible.<\/h4>\t\t\t\t<\/div>\n\t\t\t\t<\/div>\n\t\t\t\t<\/div>\n\t\t\t\t\t<\/div>\n\t\t\t\t<\/div>\n\t\t<div class=\"elementor-element elementor-element-6e8dc5e6 e-flex e-con-boxed e-con e-parent\" data-id=\"6e8dc5e6\" data-element_type=\"container\" data-e-type=\"container\" data-settings=\"{&quot;jet_parallax_layout_list&quot;:[]}\">\n\t\t\t\t\t<div class=\"e-con-inner\">\n\t\t<div class=\"elementor-element elementor-element-3ae9d4da e-con-full e-flex elementor-invisible e-con e-child\" data-id=\"3ae9d4da\" data-element_type=\"container\" data-e-type=\"container\" data-settings=\"{&quot;animation&quot;:&quot;fadeInLeft&quot;,&quot;jet_parallax_layout_list&quot;:[]}\">\n\t\t\t\t<div class=\"elementor-element elementor-element-51d16082 elementor-widget elementor-widget-heading\" data-id=\"51d16082\" data-element_type=\"widget\" data-e-type=\"widget\" data-widget_type=\"heading.default\">\n\t\t\t\t<div class=\"elementor-widget-container\">\n\t\t\t\t\t<h2 class=\"elementor-heading-title elementor-size-default\">MergelRijk<\/h2>\t\t\t\t<\/div>\n\t\t\t\t<\/div>\n\t\t\t\t<div class=\"elementor-element elementor-element-e618b2e elementor-widget elementor-widget-text-editor\" data-id=\"e618b2e\" data-element_type=\"widget\" data-e-type=\"widget\" data-widget_type=\"text-editor.default\">\n\t\t\t\t<div class=\"elementor-widget-container\">\n\t\t\t\t\t\t\t\t\t<p>MergelRijk a \u00e9t\u00e9 con\u00e7u et r\u00e9alis\u00e9 au d\u00e9but du 21e si\u00e8cle par Peter Meurders et Aschwin Gulikers. Elle a finalement ouvert ses portes en 2014 dans une grotte de marne vieille de plusieurs si\u00e8cles, en tant qu'attraction \u00e0 la fois \u00e9ducative et divertissante, en mettant l'accent sur la narration de toutes les histoires concernant la g\u00e9ologie et l'histoire des grottes du Limbourg et l'utilisation de la marne. L'id\u00e9e \u00e9tait de donner une nouvelle fonction aux anciennes carri\u00e8res qui n'\u00e9taient plus utilis\u00e9es pour l'extraction de la marne depuis de nombreuses ann\u00e9es et de les rendre accessibles au public. La cr\u00e9ation de Mergelrijk a permis de combiner l'histoire fascinante des carri\u00e8res avec des expositions et des exp\u00e9riences modernes et interactives, telles que les peintures en 3D et la possibilit\u00e9 de travailler soi-m\u00eame la marne.<\/p>\n<p>Les cr\u00e9ateurs de MergelRijk souhaitaient partager leurs histoires, leurs connaissances et leur amour de la r\u00e9gion d'une mani\u00e8re innovante et accessible. Une mani\u00e8re diff\u00e9rente de ce qui se faisait d\u00e9j\u00e0 dans d'autres grottes. Jusqu'alors, tout le monde \u00e9tait oblig\u00e9 de suivre une visite guid\u00e9e pour visiter les grottes. \u00c0 MergelRijk, chacun peut suivre un itin\u00e9raire \u00e0 travers la grotte \u00e0 son propre rythme, en racontant et en d\u00e9peignant les plus belles histoires le long du chemin de toutes sortes de mani\u00e8res. Par exemple, avec des sculptures de sable et de marne grandeur nature sp\u00e9cialement con\u00e7ues \u00e0 cet effet. Au fil des ans, MergelRijk s'est enrichi d'un DinoRijk, d'une carri\u00e8re noire spectaculaire, d'une collaboration avec le c\u00e9l\u00e8bre magicien des sables, d'une salle de cin\u00e9ma, d'un Mosaquarium (avec des Mosasaurus plus vrais que nature) et d'une salle souterraine enti\u00e8re avec les surprenantes peintures rupestres en 3D.<br>Aujourd'hui, MergelRijk accueille chaque ann\u00e9e des dizaines de milliers de visiteurs de tous \u00e2ges et des quatre coins du monde. En novembre de chaque ann\u00e9e, MergelRijk se transforme compl\u00e8tement en atmosph\u00e8re de No\u00ebl pour le grand \u00e9v\u00e9nement Christmas in Valkenburg, dont Christmas in MergelRijk est l'une des plus belles attractions.<\/p>\n<p><strong>MergelRijk a \u00e9t\u00e9 d\u00e9sign\u00e9e comme la plus belle grotte du Limbourg par l'ANWB en 2024.<\/strong><\/p>\t\t\t\t\t\t\t\t<\/div>\n\t\t\t\t<\/div>\n\t\t\t\t<\/div>\n\t\t<div class=\"elementor-element elementor-element-f93ec19 e-con-full e-flex elementor-invisible e-con e-child\" data-id=\"f93ec19\" data-element_type=\"container\" data-e-type=\"container\" data-settings=\"{&quot;animation&quot;:&quot;fadeInLeft&quot;,&quot;jet_parallax_layout_list&quot;:[]}\">\n\t\t<div class=\"elementor-element elementor-element-f34f98d e-con-full e-flex elementor-invisible e-con e-child\" data-id=\"f34f98d\" data-element_type=\"container\" data-e-type=\"container\" data-settings=\"{&quot;background_background&quot;:&quot;classic&quot;,&quot;animation&quot;:&quot;fadeInLeft&quot;,&quot;jet_parallax_layout_list&quot;:[]}\">\n\t\t\t\t<div class=\"elementor-element elementor-element-bd5b3b8 elementor-widget elementor-widget-video\" data-id=\"bd5b3b8\" data-element_type=\"widget\" data-e-type=\"widget\" data-settings=\"{&quot;youtube_url&quot;:&quot;https:\\\/\\\/www.youtube.com\\\/watch?v=DBzrTUV7Ij8&quot;,&quot;video_type&quot;:&quot;youtube&quot;,&quot;controls&quot;:&quot;yes&quot;}\" data-widget_type=\"video.default\">\n\t\t\t\t<div class=\"elementor-widget-container\">\n\t\t\t\t\t\t\t<div class=\"elementor-wrapper elementor-open-inline\">\n\t\t\t<div class=\"elementor-video\"><\/div>\t\t<\/div>\n\t\t\t\t\t\t<\/div>\n\t\t\t\t<\/div>\n\t\t\t\t<\/div>\n\t\t<div class=\"elementor-element elementor-element-ff25ef8 e-con-full e-flex elementor-invisible e-con e-child\" data-id=\"ff25ef8\" data-element_type=\"container\" data-e-type=\"container\" data-settings=\"{&quot;background_background&quot;:&quot;classic&quot;,&quot;animation&quot;:&quot;fadeInLeft&quot;,&quot;jet_parallax_layout_list&quot;:[]}\">\n\t\t\t\t<div class=\"elementor-element elementor-element-7cf9100 elementor-widget elementor-widget-video\" data-id=\"7cf9100\" data-element_type=\"widget\" data-e-type=\"widget\" data-settings=\"{&quot;youtube_url&quot;:&quot;https:\\\/\\\/www.youtube.com\\\/watch?v=5U4oqg8pZ_M&amp;t=2s&quot;,&quot;video_type&quot;:&quot;youtube&quot;,&quot;controls&quot;:&quot;yes&quot;}\" data-widget_type=\"video.default\">\n\t\t\t\t<div class=\"elementor-widget-container\">\n\t\t\t\t\t\t\t<div class=\"elementor-wrapper elementor-open-inline\">\n\t\t\t<div class=\"elementor-video\"><\/div>\t\t<\/div>\n\t\t\t\t\t\t<\/div>\n\t\t\t\t<\/div>\n\t\t\t\t<\/div>\n\t\t\t\t<\/div>\n\t\t\t\t\t<\/div>\n\t\t\t\t<\/div>\n\t\t\t\t<\/div>","protected":false},"excerpt":{"rendered":"<p>De bedenkers van MergelRijk wilden hun verhalen, kennis en liefde voor de regio op een vernieuwende, toegankelijke manier delen. MergelRijk MergelRijk werd in de beginjaren van de 21e eeuw bedacht en gerealiseerd door Peter Meurders en Aschwin Gulikers. Het werd uiteindelijk in 2014 geopend in een eeuwenoude mergelgrot, als een attractie voor zowel educatie als [&hellip;]<\/p>\n","protected":false},"author":1,"featured_media":0,"parent":0,"menu_order":0,"comment_status":"closed","ping_status":"closed","template":"elementor_header_footer","meta":{"footnotes":""},"class_list":["post-411","page","type-page","status-publish","hentry"],"_links":{"self":[{"href":"https:\/\/mergelrijk.nl\/fr\/wp-json\/wp\/v2\/pages\/411","targetHints":{"allow":["GET"]}}],"collection":[{"href":"https:\/\/mergelrijk.nl\/fr\/wp-json\/wp\/v2\/pages"}],"about":[{"href":"https:\/\/mergelrijk.nl\/fr\/wp-json\/wp\/v2\/types\/page"}],"author":[{"embeddable":true,"href":"https:\/\/mergelrijk.nl\/fr\/wp-json\/wp\/v2\/users\/1"}],"replies":[{"embeddable":true,"href":"https:\/\/mergelrijk.nl\/fr\/wp-json\/wp\/v2\/comments?post=411"}],"version-history":[{"count":26,"href":"https:\/\/mergelrijk.nl\/fr\/wp-json\/wp\/v2\/pages\/411\/revisions"}],"predecessor-version":[{"id":949,"href":"https:\/\/mergelrijk.nl\/fr\/wp-json\/wp\/v2\/pages\/411\/revisions\/949"}],"wp:attachment":[{"href":"https:\/\/mergelrijk.nl\/fr\/wp-json\/wp\/v2\/media?parent=411"}],"curies":[{"name":"wp","href":"https:\/\/api.w.org\/{rel}","templated":true}]}}