{"id":411,"date":"2025-02-04T09:36:16","date_gmt":"2025-02-04T08:36:16","guid":{"rendered":"https:\/\/mergelrijk.043test.nl\/?page_id=411"},"modified":"2025-04-10T14:14:58","modified_gmt":"2025-04-10T12:14:58","slug":"acerca-de-nosotros","status":"publish","type":"page","link":"https:\/\/mergelrijk.nl\/es\/over-ons\/","title":{"rendered":"Qui\u00e9nes somos"},"content":{"rendered":"<div data-elementor-type=\"wp-page\" data-elementor-id=\"411\" class=\"elementor elementor-411\" data-elementor-post-type=\"page\">\n\t\t\t\t<div class=\"elementor-element elementor-element-3fdc0dcd e-flex e-con-boxed e-con e-parent\" data-id=\"3fdc0dcd\" data-element_type=\"container\" data-e-type=\"container\" data-settings=\"{&quot;background_background&quot;:&quot;classic&quot;,&quot;jet_parallax_layout_list&quot;:[]}\">\n\t\t\t\t\t<div class=\"e-con-inner\">\n\t\t<div class=\"elementor-element elementor-element-633334b9 e-con-full e-flex e-con e-child\" data-id=\"633334b9\" data-element_type=\"container\" data-e-type=\"container\" data-settings=\"{&quot;jet_parallax_layout_list&quot;:[]}\">\n\t\t\t\t<div class=\"elementor-element elementor-element-15c4d0d2 elementor-invisible elementor-widget elementor-widget-heading\" data-id=\"15c4d0d2\" data-element_type=\"widget\" data-e-type=\"widget\" data-settings=\"{&quot;_animation&quot;:&quot;fadeInUp&quot;}\" data-widget_type=\"heading.default\">\n\t\t\t\t<div class=\"elementor-widget-container\">\n\t\t\t\t\t<h1 class=\"elementor-heading-title elementor-size-default\">Qui\u00e9nes somos<\/h1>\t\t\t\t<\/div>\n\t\t\t\t<\/div>\n\t\t\t\t<div class=\"elementor-element elementor-element-59706752 animated-slow elementor-invisible elementor-widget elementor-widget-heading\" data-id=\"59706752\" data-element_type=\"widget\" data-e-type=\"widget\" data-settings=\"{&quot;_animation&quot;:&quot;fadeInUp&quot;,&quot;_animation_delay&quot;:200}\" data-widget_type=\"heading.default\">\n\t\t\t\t<div class=\"elementor-widget-container\">\n\t\t\t\t\t<h4 class=\"elementor-heading-title elementor-size-default\">Los creadores de MergelRijk quer\u00edan compartir sus historias, conocimientos y amor por la regi\u00f3n de una forma innovadora y accesible.<\/h4>\t\t\t\t<\/div>\n\t\t\t\t<\/div>\n\t\t\t\t<\/div>\n\t\t\t\t\t<\/div>\n\t\t\t\t<\/div>\n\t\t<div class=\"elementor-element elementor-element-6e8dc5e6 e-flex e-con-boxed e-con e-parent\" data-id=\"6e8dc5e6\" data-element_type=\"container\" data-e-type=\"container\" data-settings=\"{&quot;jet_parallax_layout_list&quot;:[]}\">\n\t\t\t\t\t<div class=\"e-con-inner\">\n\t\t<div class=\"elementor-element elementor-element-3ae9d4da e-con-full e-flex elementor-invisible e-con e-child\" data-id=\"3ae9d4da\" data-element_type=\"container\" data-e-type=\"container\" data-settings=\"{&quot;animation&quot;:&quot;fadeInLeft&quot;,&quot;jet_parallax_layout_list&quot;:[]}\">\n\t\t\t\t<div class=\"elementor-element elementor-element-51d16082 elementor-widget elementor-widget-heading\" data-id=\"51d16082\" data-element_type=\"widget\" data-e-type=\"widget\" data-widget_type=\"heading.default\">\n\t\t\t\t<div class=\"elementor-widget-container\">\n\t\t\t\t\t<h2 class=\"elementor-heading-title elementor-size-default\">MergelRijk<\/h2>\t\t\t\t<\/div>\n\t\t\t\t<\/div>\n\t\t\t\t<div class=\"elementor-element elementor-element-e618b2e elementor-widget elementor-widget-text-editor\" data-id=\"e618b2e\" data-element_type=\"widget\" data-e-type=\"widget\" data-widget_type=\"text-editor.default\">\n\t\t\t\t<div class=\"elementor-widget-container\">\n\t\t\t\t\t\t\t\t\t<p>MergelRijk fue concebido y realizado en los primeros a\u00f1os del siglo XXI por Peter Meurders y Aschwin Gulikers. Finalmente se inaugur\u00f3 en 2014 en una cueva de marga centenaria, como atracci\u00f3n tanto educativa como de entretenimiento, haciendo hincapi\u00e9 en contar realmente todas las historias sobre la geolog\u00eda y la historia de las cuevas de Limburgo y el uso de la marga. La idea era dar una nueva funci\u00f3n a las antiguas canteras que llevaban muchos a\u00f1os sin utilizarse para la extracci\u00f3n de marga y hacerlas accesibles al p\u00fablico. La creaci\u00f3n de Mergelrijk permiti\u00f3 combinar la fascinante historia de las canteras con exposiciones y experiencias modernas e interactivas, como las pinturas en 3D y la oportunidad de trabajar uno mismo con la marga.<\/p>\n<p>Los creadores de MergelRijk quer\u00edan compartir sus historias, conocimientos y amor por la regi\u00f3n de una forma innovadora y accesible. Diferente de lo que ya se hac\u00eda en otras cuevas. Hasta entonces, todo el mundo estaba obligado a hacer una visita guiada cuando visitaba las cuevas. En MergelRijk, todo el mundo puede seguir de forma independiente una ruta por la cueva a su propio ritmo, contando y representando las historias m\u00e1s bellas por el camino de todo tipo de formas. Por ejemplo, con esculturas de arena y marga de tama\u00f1o natural. Con los a\u00f1os, MergelRijk se ha ampliado para incluir un DinoRijk, una espectacular cantera oscura, una colaboraci\u00f3n con el famoso Mago de Arena de la televisi\u00f3n, una sala de cine, un Mosaquarium (con Mosasaurus de tama\u00f1o natural) y toda una sala subterr\u00e1nea con las sorprendentes pinturas rupestres en 3D.<br>En la actualidad, MergelRijk recibe cada a\u00f1o a decenas de miles de visitantes de todas las edades y de todos los rincones del mundo. En noviembre de cada a\u00f1o, MergelRijk se transforma por completo en un ambiente navide\u00f1o para el gran acontecimiento Navidad en Valkenburg, del que Navidad en MergelRijk es una de las atracciones m\u00e1s hermosas.<\/p>\n<p><strong>MergelRijk ha sido nombrada la cueva m\u00e1s bonita de Limburgo por la ANWB en 2024.<\/strong><\/p>\t\t\t\t\t\t\t\t<\/div>\n\t\t\t\t<\/div>\n\t\t\t\t<\/div>\n\t\t<div class=\"elementor-element elementor-element-f93ec19 e-con-full e-flex elementor-invisible e-con e-child\" data-id=\"f93ec19\" data-element_type=\"container\" data-e-type=\"container\" data-settings=\"{&quot;animation&quot;:&quot;fadeInLeft&quot;,&quot;jet_parallax_layout_list&quot;:[]}\">\n\t\t<div class=\"elementor-element elementor-element-f34f98d e-con-full e-flex elementor-invisible e-con e-child\" data-id=\"f34f98d\" data-element_type=\"container\" data-e-type=\"container\" data-settings=\"{&quot;background_background&quot;:&quot;classic&quot;,&quot;animation&quot;:&quot;fadeInLeft&quot;,&quot;jet_parallax_layout_list&quot;:[]}\">\n\t\t\t\t<div class=\"elementor-element elementor-element-bd5b3b8 elementor-widget elementor-widget-video\" data-id=\"bd5b3b8\" data-element_type=\"widget\" data-e-type=\"widget\" data-settings=\"{&quot;youtube_url&quot;:&quot;https:\\\/\\\/www.youtube.com\\\/watch?v=DBzrTUV7Ij8&quot;,&quot;video_type&quot;:&quot;youtube&quot;,&quot;controls&quot;:&quot;yes&quot;}\" data-widget_type=\"video.default\">\n\t\t\t\t<div class=\"elementor-widget-container\">\n\t\t\t\t\t\t\t<div class=\"elementor-wrapper elementor-open-inline\">\n\t\t\t<div class=\"elementor-video\"><\/div>\t\t<\/div>\n\t\t\t\t\t\t<\/div>\n\t\t\t\t<\/div>\n\t\t\t\t<\/div>\n\t\t<div class=\"elementor-element elementor-element-ff25ef8 e-con-full e-flex elementor-invisible e-con e-child\" data-id=\"ff25ef8\" data-element_type=\"container\" data-e-type=\"container\" data-settings=\"{&quot;background_background&quot;:&quot;classic&quot;,&quot;animation&quot;:&quot;fadeInLeft&quot;,&quot;jet_parallax_layout_list&quot;:[]}\">\n\t\t\t\t<div class=\"elementor-element elementor-element-7cf9100 elementor-widget elementor-widget-video\" data-id=\"7cf9100\" data-element_type=\"widget\" data-e-type=\"widget\" data-settings=\"{&quot;youtube_url&quot;:&quot;https:\\\/\\\/www.youtube.com\\\/watch?v=5U4oqg8pZ_M&amp;t=2s&quot;,&quot;video_type&quot;:&quot;youtube&quot;,&quot;controls&quot;:&quot;yes&quot;}\" data-widget_type=\"video.default\">\n\t\t\t\t<div class=\"elementor-widget-container\">\n\t\t\t\t\t\t\t<div class=\"elementor-wrapper elementor-open-inline\">\n\t\t\t<div class=\"elementor-video\"><\/div>\t\t<\/div>\n\t\t\t\t\t\t<\/div>\n\t\t\t\t<\/div>\n\t\t\t\t<\/div>\n\t\t\t\t<\/div>\n\t\t\t\t\t<\/div>\n\t\t\t\t<\/div>\n\t\t\t\t<\/div>","protected":false},"excerpt":{"rendered":"<p>De bedenkers van MergelRijk wilden hun verhalen, kennis en liefde voor de regio op een vernieuwende, toegankelijke manier delen. MergelRijk MergelRijk werd in de beginjaren van de 21e eeuw bedacht en gerealiseerd door Peter Meurders en Aschwin Gulikers. Het werd uiteindelijk in 2014 geopend in een eeuwenoude mergelgrot, als een attractie voor zowel educatie als [&hellip;]<\/p>\n","protected":false},"author":1,"featured_media":0,"parent":0,"menu_order":0,"comment_status":"closed","ping_status":"closed","template":"elementor_header_footer","meta":{"footnotes":""},"class_list":["post-411","page","type-page","status-publish","hentry"],"_links":{"self":[{"href":"https:\/\/mergelrijk.nl\/es\/wp-json\/wp\/v2\/pages\/411","targetHints":{"allow":["GET"]}}],"collection":[{"href":"https:\/\/mergelrijk.nl\/es\/wp-json\/wp\/v2\/pages"}],"about":[{"href":"https:\/\/mergelrijk.nl\/es\/wp-json\/wp\/v2\/types\/page"}],"author":[{"embeddable":true,"href":"https:\/\/mergelrijk.nl\/es\/wp-json\/wp\/v2\/users\/1"}],"replies":[{"embeddable":true,"href":"https:\/\/mergelrijk.nl\/es\/wp-json\/wp\/v2\/comments?post=411"}],"version-history":[{"count":26,"href":"https:\/\/mergelrijk.nl\/es\/wp-json\/wp\/v2\/pages\/411\/revisions"}],"predecessor-version":[{"id":949,"href":"https:\/\/mergelrijk.nl\/es\/wp-json\/wp\/v2\/pages\/411\/revisions\/949"}],"wp:attachment":[{"href":"https:\/\/mergelrijk.nl\/es\/wp-json\/wp\/v2\/media?parent=411"}],"curies":[{"name":"wp","href":"https:\/\/api.w.org\/{rel}","templated":true}]}}