{"id":411,"date":"2025-02-04T09:36:16","date_gmt":"2025-02-04T08:36:16","guid":{"rendered":"https:\/\/mergelrijk.043test.nl\/?page_id=411"},"modified":"2025-04-10T14:14:58","modified_gmt":"2025-04-10T12:14:58","slug":"uber-uns","status":"publish","type":"page","link":"https:\/\/mergelrijk.nl\/de\/over-ons\/","title":{"rendered":"\u00dcber uns"},"content":{"rendered":"<div data-elementor-type=\"wp-page\" data-elementor-id=\"411\" class=\"elementor elementor-411\" data-elementor-post-type=\"page\">\n\t\t\t\t<div class=\"elementor-element elementor-element-3fdc0dcd e-flex e-con-boxed e-con e-parent\" data-id=\"3fdc0dcd\" data-element_type=\"container\" data-e-type=\"container\" data-settings=\"{&quot;background_background&quot;:&quot;classic&quot;,&quot;jet_parallax_layout_list&quot;:[]}\">\n\t\t\t\t\t<div class=\"e-con-inner\">\n\t\t<div class=\"elementor-element elementor-element-633334b9 e-con-full e-flex e-con e-child\" data-id=\"633334b9\" data-element_type=\"container\" data-e-type=\"container\" data-settings=\"{&quot;jet_parallax_layout_list&quot;:[]}\">\n\t\t\t\t<div class=\"elementor-element elementor-element-15c4d0d2 elementor-invisible elementor-widget elementor-widget-heading\" data-id=\"15c4d0d2\" data-element_type=\"widget\" data-e-type=\"widget\" data-settings=\"{&quot;_animation&quot;:&quot;fadeInUp&quot;}\" data-widget_type=\"heading.default\">\n\t\t\t\t<div class=\"elementor-widget-container\">\n\t\t\t\t\t<h1 class=\"elementor-heading-title elementor-size-default\">\u00dcber uns<\/h1>\t\t\t\t<\/div>\n\t\t\t\t<\/div>\n\t\t\t\t<div class=\"elementor-element elementor-element-59706752 animated-slow elementor-invisible elementor-widget elementor-widget-heading\" data-id=\"59706752\" data-element_type=\"widget\" data-e-type=\"widget\" data-settings=\"{&quot;_animation&quot;:&quot;fadeInUp&quot;,&quot;_animation_delay&quot;:200}\" data-widget_type=\"heading.default\">\n\t\t\t\t<div class=\"elementor-widget-container\">\n\t\t\t\t\t<h4 class=\"elementor-heading-title elementor-size-default\">Die Macher von MergelRijk wollten ihre Geschichten, ihr Wissen und ihre Liebe zur Region auf innovative und zug\u00e4ngliche Weise weitergeben.<\/h4>\t\t\t\t<\/div>\n\t\t\t\t<\/div>\n\t\t\t\t<\/div>\n\t\t\t\t\t<\/div>\n\t\t\t\t<\/div>\n\t\t<div class=\"elementor-element elementor-element-6e8dc5e6 e-flex e-con-boxed e-con e-parent\" data-id=\"6e8dc5e6\" data-element_type=\"container\" data-e-type=\"container\" data-settings=\"{&quot;jet_parallax_layout_list&quot;:[]}\">\n\t\t\t\t\t<div class=\"e-con-inner\">\n\t\t<div class=\"elementor-element elementor-element-3ae9d4da e-con-full e-flex elementor-invisible e-con e-child\" data-id=\"3ae9d4da\" data-element_type=\"container\" data-e-type=\"container\" data-settings=\"{&quot;animation&quot;:&quot;fadeInLeft&quot;,&quot;jet_parallax_layout_list&quot;:[]}\">\n\t\t\t\t<div class=\"elementor-element elementor-element-51d16082 elementor-widget elementor-widget-heading\" data-id=\"51d16082\" data-element_type=\"widget\" data-e-type=\"widget\" data-widget_type=\"heading.default\">\n\t\t\t\t<div class=\"elementor-widget-container\">\n\t\t\t\t\t<h2 class=\"elementor-heading-title elementor-size-default\">MergelRijk<\/h2>\t\t\t\t<\/div>\n\t\t\t\t<\/div>\n\t\t\t\t<div class=\"elementor-element elementor-element-e618b2e elementor-widget elementor-widget-text-editor\" data-id=\"e618b2e\" data-element_type=\"widget\" data-e-type=\"widget\" data-widget_type=\"text-editor.default\">\n\t\t\t\t<div class=\"elementor-widget-container\">\n\t\t\t\t\t\t\t\t\t<p>Der MergelRijk wurde in den ersten Jahren des 21. Jahrhunderts von Peter Meurders und Aschwin Gulikers konzipiert und realisiert. Jahrhunderts von Peter Meurders und Aschwin Gulikers entwickelt und schlie\u00dflich 2014 in einer jahrhundertealten Mergelh\u00f6hle als Bildungs- und Unterhaltungsattraktion er\u00f6ffnet, wobei der Schwerpunkt darauf liegt, wirklich alle Geschichten \u00fcber die Geologie und Geschichte der Limburger H\u00f6hlen und die Verwendung von Mergel zu erz\u00e4hlen. Die Idee war, den alten Steinbr\u00fcchen, die seit vielen Jahren nicht mehr f\u00fcr den Mergelabbau genutzt wurden, eine neue Funktion zu geben und sie f\u00fcr die \u00d6ffentlichkeit zug\u00e4nglich zu machen. Mit der Einrichtung von Mergelrijk konnte die faszinierende Geschichte der Steinbr\u00fcche mit modernen, interaktiven Ausstellungen und Erlebnissen wie 3D-Gem\u00e4lden und der M\u00f6glichkeit, selbst mit Mergel zu arbeiten, kombiniert werden.<\/p>\n<p>Die Macher von MergelRijk wollten ihre Geschichten, ihr Wissen und ihre Liebe zu dieser Region auf innovative und zug\u00e4ngliche Weise weitergeben. Anders als in den anderen H\u00f6hlen. Bis dahin war jeder verpflichtet, an einer gef\u00fchrten Tour teilzunehmen, wenn er die H\u00f6hlen besuchte. In MergelRijk kann jeder selbst\u00e4ndig und in seinem eigenen Tempo einen Weg durch die H\u00f6hle gehen und dabei die sch\u00f6nsten Geschichten auf unterschiedlichste Weise erz\u00e4hlen und darstellen. Zum Beispiel mit speziell angefertigten lebensgro\u00dfen Sand- und Mergelskulpturen. Im Laufe der Jahre wurde der MergelRijk um einen DinoRijk, einen spektakul\u00e4ren dunklen Steinbruch, eine Zusammenarbeit mit dem TV-ber\u00fchmten Sandzauberer, einen Filmraum, ein Mosaquarium (mit lebensechten Mosasaurus) und einen ganzen unterirdischen Raum mit \u00fcberraschenden 3D-H\u00f6hlenmalereien erweitert.<br>MergelRijk wird inzwischen jedes Jahr von mehreren zehntausend Besuchern aller Altersgruppen und aus allen Teilen der Welt besucht. Jedes Jahr im November verwandelt sich MergelRijk f\u00fcr die gro\u00dfe Veranstaltung \"Weihnachten in Valkenburg\" vollst\u00e4ndig in eine weihnachtliche Atmosph\u00e4re, wobei Weihnachten in MergelRijk eine der sch\u00f6nsten Attraktionen ist.<\/p>\n<p><strong>Der MergelRijk wurde vom ANWB zur sch\u00f6nsten H\u00f6hle Limburgs im Jahr 2024 gek\u00fcrt.<\/strong><\/p>\t\t\t\t\t\t\t\t<\/div>\n\t\t\t\t<\/div>\n\t\t\t\t<\/div>\n\t\t<div class=\"elementor-element elementor-element-f93ec19 e-con-full e-flex elementor-invisible e-con e-child\" data-id=\"f93ec19\" data-element_type=\"container\" data-e-type=\"container\" data-settings=\"{&quot;animation&quot;:&quot;fadeInLeft&quot;,&quot;jet_parallax_layout_list&quot;:[]}\">\n\t\t<div class=\"elementor-element elementor-element-f34f98d e-con-full e-flex elementor-invisible e-con e-child\" data-id=\"f34f98d\" data-element_type=\"container\" data-e-type=\"container\" data-settings=\"{&quot;background_background&quot;:&quot;classic&quot;,&quot;animation&quot;:&quot;fadeInLeft&quot;,&quot;jet_parallax_layout_list&quot;:[]}\">\n\t\t\t\t<div class=\"elementor-element elementor-element-bd5b3b8 elementor-widget elementor-widget-video\" data-id=\"bd5b3b8\" data-element_type=\"widget\" data-e-type=\"widget\" data-settings=\"{&quot;youtube_url&quot;:&quot;https:\\\/\\\/www.youtube.com\\\/watch?v=DBzrTUV7Ij8&quot;,&quot;video_type&quot;:&quot;youtube&quot;,&quot;controls&quot;:&quot;yes&quot;}\" data-widget_type=\"video.default\">\n\t\t\t\t<div class=\"elementor-widget-container\">\n\t\t\t\t\t\t\t<div class=\"elementor-wrapper elementor-open-inline\">\n\t\t\t<div class=\"elementor-video\"><\/div>\t\t<\/div>\n\t\t\t\t\t\t<\/div>\n\t\t\t\t<\/div>\n\t\t\t\t<\/div>\n\t\t<div class=\"elementor-element elementor-element-ff25ef8 e-con-full e-flex elementor-invisible e-con e-child\" data-id=\"ff25ef8\" data-element_type=\"container\" data-e-type=\"container\" data-settings=\"{&quot;background_background&quot;:&quot;classic&quot;,&quot;animation&quot;:&quot;fadeInLeft&quot;,&quot;jet_parallax_layout_list&quot;:[]}\">\n\t\t\t\t<div class=\"elementor-element elementor-element-7cf9100 elementor-widget elementor-widget-video\" data-id=\"7cf9100\" data-element_type=\"widget\" data-e-type=\"widget\" data-settings=\"{&quot;youtube_url&quot;:&quot;https:\\\/\\\/www.youtube.com\\\/watch?v=5U4oqg8pZ_M&amp;t=2s&quot;,&quot;video_type&quot;:&quot;youtube&quot;,&quot;controls&quot;:&quot;yes&quot;}\" data-widget_type=\"video.default\">\n\t\t\t\t<div class=\"elementor-widget-container\">\n\t\t\t\t\t\t\t<div class=\"elementor-wrapper elementor-open-inline\">\n\t\t\t<div class=\"elementor-video\"><\/div>\t\t<\/div>\n\t\t\t\t\t\t<\/div>\n\t\t\t\t<\/div>\n\t\t\t\t<\/div>\n\t\t\t\t<\/div>\n\t\t\t\t\t<\/div>\n\t\t\t\t<\/div>\n\t\t\t\t<\/div>","protected":false},"excerpt":{"rendered":"<p>De bedenkers van MergelRijk wilden hun verhalen, kennis en liefde voor de regio op een vernieuwende, toegankelijke manier delen. MergelRijk MergelRijk werd in de beginjaren van de 21e eeuw bedacht en gerealiseerd door Peter Meurders en Aschwin Gulikers. Het werd uiteindelijk in 2014 geopend in een eeuwenoude mergelgrot, als een attractie voor zowel educatie als [&hellip;]<\/p>\n","protected":false},"author":1,"featured_media":0,"parent":0,"menu_order":0,"comment_status":"closed","ping_status":"closed","template":"elementor_header_footer","meta":{"footnotes":""},"class_list":["post-411","page","type-page","status-publish","hentry"],"_links":{"self":[{"href":"https:\/\/mergelrijk.nl\/de\/wp-json\/wp\/v2\/pages\/411","targetHints":{"allow":["GET"]}}],"collection":[{"href":"https:\/\/mergelrijk.nl\/de\/wp-json\/wp\/v2\/pages"}],"about":[{"href":"https:\/\/mergelrijk.nl\/de\/wp-json\/wp\/v2\/types\/page"}],"author":[{"embeddable":true,"href":"https:\/\/mergelrijk.nl\/de\/wp-json\/wp\/v2\/users\/1"}],"replies":[{"embeddable":true,"href":"https:\/\/mergelrijk.nl\/de\/wp-json\/wp\/v2\/comments?post=411"}],"version-history":[{"count":26,"href":"https:\/\/mergelrijk.nl\/de\/wp-json\/wp\/v2\/pages\/411\/revisions"}],"predecessor-version":[{"id":949,"href":"https:\/\/mergelrijk.nl\/de\/wp-json\/wp\/v2\/pages\/411\/revisions\/949"}],"wp:attachment":[{"href":"https:\/\/mergelrijk.nl\/de\/wp-json\/wp\/v2\/media?parent=411"}],"curies":[{"name":"wp","href":"https:\/\/api.w.org\/{rel}","templated":true}]}}